{"id":36256,"date":"2026-04-27T12:40:40","date_gmt":"2026-04-27T10:40:40","guid":{"rendered":"https:\/\/flamencoson.com\/contact\/"},"modified":"2026-04-27T12:40:40","modified_gmt":"2026-04-27T10:40:40","slug":"contact","status":"publish","type":"page","link":"https:\/\/flamencoson.com\/en\/contact\/","title":{"rendered":"Contact"},"content":{"rendered":"\t\t<div data-elementor-type=\"wp-post\" data-elementor-id=\"36256\" class=\"elementor elementor-36256 elementor-52\" data-elementor-post-type=\"page\">\n\t\t\t\t\t\t<section class=\"elementor-section elementor-top-section elementor-element elementor-element-4af7959 animated-slow elementor-section-boxed elementor-section-height-default elementor-section-height-default elementor-invisible\" data-id=\"4af7959\" data-element_type=\"section\" data-e-type=\"section\" data-settings=\"{&quot;animation&quot;:&quot;bounceInLeft&quot;}\">\n\t\t\t\t\t\t<div class=\"elementor-container elementor-column-gap-default\">\n\t\t\t\t\t<div class=\"elementor-column elementor-col-100 elementor-top-column elementor-element elementor-element-c2bc015\" data-id=\"c2bc015\" data-element_type=\"column\" data-e-type=\"column\">\n\t\t\t<div class=\"elementor-widget-wrap elementor-element-populated\">\n\t\t\t\t\t\t<div class=\"elementor-element elementor-element-fb916ca elementor-widget elementor-widget-heading\" data-id=\"fb916ca\" data-element_type=\"widget\" data-e-type=\"widget\" data-widget_type=\"heading.default\">\n\t\t\t\t<div class=\"elementor-widget-container\">\n\t\t\t\t\t<h2 class=\"elementor-heading-title elementor-size-default\">Contacto<\/h2>\t\t\t\t<\/div>\n\t\t\t\t<\/div>\n\t\t\t\t\t<\/div>\n\t\t<\/div>\n\t\t\t\t\t<\/div>\n\t\t<\/section>\n\t\t\t\t<section class=\"elementor-section elementor-top-section elementor-element elementor-element-facb4cc elementor-section-boxed elementor-section-height-default elementor-section-height-default\" data-id=\"facb4cc\" data-element_type=\"section\" data-e-type=\"section\">\n\t\t\t\t\t\t<div class=\"elementor-container elementor-column-gap-default\">\n\t\t\t\t\t<div class=\"elementor-column elementor-col-100 elementor-top-column elementor-element elementor-element-a49fe34\" data-id=\"a49fe34\" data-element_type=\"column\" data-e-type=\"column\">\n\t\t\t<div class=\"elementor-widget-wrap elementor-element-populated\">\n\t\t\t\t\t\t<div class=\"elementor-element elementor-element-7e448b7 elementor-widget-divider--view-line elementor-widget elementor-widget-divider\" data-id=\"7e448b7\" data-element_type=\"widget\" data-e-type=\"widget\" data-widget_type=\"divider.default\">\n\t\t\t\t<div class=\"elementor-widget-container\">\n\t\t\t\t\t\t\t<div class=\"elementor-divider\">\n\t\t\t<span class=\"elementor-divider-separator\">\n\t\t\t\t\t\t<\/span>\n\t\t<\/div>\n\t\t\t\t\t\t<\/div>\n\t\t\t\t<\/div>\n\t\t\t\t\t<\/div>\n\t\t<\/div>\n\t\t\t\t\t<\/div>\n\t\t<\/section>\n\t\t\t\t<section class=\"elementor-section elementor-top-section elementor-element elementor-element-35ea934f elementor-section-boxed elementor-section-height-default elementor-section-height-default elementor-invisible\" data-id=\"35ea934f\" data-element_type=\"section\" data-e-type=\"section\" data-settings=\"{&quot;background_background&quot;:&quot;classic&quot;,&quot;animation&quot;:&quot;bounceInLeft&quot;}\">\n\t\t\t\t\t\t\t<div class=\"elementor-background-overlay\"><\/div>\n\t\t\t\t\t\t\t<div class=\"elementor-container elementor-column-gap-default\">\n\t\t\t\t\t<div class=\"elementor-column elementor-col-50 elementor-top-column elementor-element elementor-element-9343f13\" data-id=\"9343f13\" data-element_type=\"column\" data-e-type=\"column\">\n\t\t\t<div class=\"elementor-widget-wrap elementor-element-populated\">\n\t\t\t\t\t\t<div class=\"elementor-element elementor-element-157b355 animated-slow elementor-invisible elementor-widget elementor-widget-image\" data-id=\"157b355\" data-element_type=\"widget\" data-e-type=\"widget\" data-settings=\"{&quot;_animation&quot;:&quot;zoomInDown&quot;}\" data-widget_type=\"image.default\">\n\t\t\t\t<div class=\"elementor-widget-container\">\n\t\t\t\t\t\t\t\t\t\t\t\t\t\t\t<img decoding=\"async\" src=\"https:\/\/flamencoson.com\/wp-content\/uploads\/elementor\/thumbs\/LOGO_FLAMENCOSON-1-nmyxx438o0nb3424ts7nkwniroqsse33lr5sxkshkw.jpg\" title=\"LOGO_FLAMENCOSON\" alt=\"LOGO_FLAMENCOSON\" loading=\"lazy\" \/>\t\t\t\t\t\t\t\t\t\t\t\t\t\t\t<\/div>\n\t\t\t\t<\/div>\n\t\t\t\t<div class=\"elementor-element elementor-element-4e4f472 elementor-widget elementor-widget-text-editor\" data-id=\"4e4f472\" data-element_type=\"widget\" data-e-type=\"widget\" data-widget_type=\"text-editor.default\">\n\t\t\t\t<div class=\"elementor-widget-container\">\n\t\t\t\t\t\t\t\t\t<p>SONIA MAR\u00cdN FERN\u00c1NDEZ<\/p>\t\t\t\t\t\t\t\t<\/div>\n\t\t\t\t<\/div>\n\t\t\t\t<div class=\"elementor-element elementor-element-cff120a elementor-widget elementor-widget-text-editor\" data-id=\"cff120a\" data-element_type=\"widget\" data-e-type=\"widget\" data-widget_type=\"text-editor.default\">\n\t\t\t\t<div class=\"elementor-widget-container\">\n\t\t\t\t\t\t\t\t\t<p>Avda. Dr. Mara\u00f1\u00f3n, 19, 5\u00ba A<\/p><p>29740 Torre del Mar<\/p><p>M\u00e1laga, Espa\u00f1a<\/p>\t\t\t\t\t\t\t\t<\/div>\n\t\t\t\t<\/div>\n\t\t\t\t<div class=\"elementor-element elementor-element-c3b46a4 elementor-icon-list--layout-traditional elementor-list-item-link-full_width elementor-widget elementor-widget-icon-list\" data-id=\"c3b46a4\" data-element_type=\"widget\" data-e-type=\"widget\" data-widget_type=\"icon-list.default\">\n\t\t\t\t<div class=\"elementor-widget-container\">\n\t\t\t\t\t\t\t<ul class=\"elementor-icon-list-items\">\n\t\t\t\t\t\t\t<li class=\"elementor-icon-list-item\">\n\t\t\t\t\t\t\t\t\t\t\t<span class=\"elementor-icon-list-icon\">\n\t\t\t\t\t\t\t<svg aria-hidden=\"true\" class=\"e-font-icon-svg e-fas-phone\" viewBox=\"0 0 512 512\" xmlns=\"http:\/\/www.w3.org\/2000\/svg\"><path d=\"M493.4 24.6l-104-24c-11.3-2.6-22.9 3.3-27.5 13.9l-48 112c-4.2 9.8-1.4 21.3 6.9 28l60.6 49.6c-36 76.7-98.9 140.5-177.2 177.2l-49.6-60.6c-6.8-8.3-18.2-11.1-28-6.9l-112 48C3.9 366.5-2 378.1.6 389.4l24 104C27.1 504.2 36.7 512 48 512c256.1 0 464-207.5 464-464 0-11.2-7.7-20.9-18.6-23.4z\"><\/path><\/svg>\t\t\t\t\t\t<\/span>\n\t\t\t\t\t\t\t\t\t\t<span class=\"elementor-icon-list-text\">Tel. (+34) 656 47 22 96<\/span>\n\t\t\t\t\t\t\t\t\t<\/li>\n\t\t\t\t\t\t\t\t<li class=\"elementor-icon-list-item\">\n\t\t\t\t\t\t\t\t\t\t\t<a href=\"https:\/\/api.whatsapp.com\/send?phone=34656472296&#038;text=Me%20gustar%C3%ADa%20informarme%20de%20los%20cursos%20online%20de%20Flamencoson\" target=\"_blank\">\n\n\t\t\t\t\t\t\t\t\t\t\t\t<span class=\"elementor-icon-list-icon\">\n\t\t\t\t\t\t\t<svg aria-hidden=\"true\" class=\"e-font-icon-svg e-fab-whatsapp\" viewBox=\"0 0 448 512\" xmlns=\"http:\/\/www.w3.org\/2000\/svg\"><path d=\"M380.9 97.1C339 55.1 283.2 32 223.9 32c-122.4 0-222 99.6-222 222 0 39.1 10.2 77.3 29.6 111L0 480l117.7-30.9c32.4 17.7 68.9 27 106.1 27h.1c122.3 0 224.1-99.6 224.1-222 0-59.3-25.2-115-67.1-157zm-157 341.6c-33.2 0-65.7-8.9-94-25.7l-6.7-4-69.8 18.3L72 359.2l-4.4-7c-18.5-29.4-28.2-63.3-28.2-98.2 0-101.7 82.8-184.5 184.6-184.5 49.3 0 95.6 19.2 130.4 54.1 34.8 34.9 56.2 81.2 56.1 130.5 0 101.8-84.9 184.6-186.6 184.6zm101.2-138.2c-5.5-2.8-32.8-16.2-37.9-18-5.1-1.9-8.8-2.8-12.5 2.8-3.7 5.6-14.3 18-17.6 21.8-3.2 3.7-6.5 4.2-12 1.4-32.6-16.3-54-29.1-75.5-66-5.7-9.8 5.7-9.1 16.3-30.3 1.8-3.7.9-6.9-.5-9.7-1.4-2.8-12.5-30.1-17.1-41.2-4.5-10.8-9.1-9.3-12.5-9.5-3.2-.2-6.9-.2-10.6-.2-3.7 0-9.7 1.4-14.8 6.9-5.1 5.6-19.4 19-19.4 46.3 0 27.3 19.9 53.7 22.6 57.4 2.8 3.7 39.1 59.7 94.8 83.8 35.2 15.2 49 16.5 66.6 13.9 10.7-1.6 32.8-13.4 37.4-26.4 4.6-13 4.6-24.1 3.2-26.4-1.3-2.5-5-3.9-10.5-6.6z\"><\/path><\/svg>\t\t\t\t\t\t<\/span>\n\t\t\t\t\t\t\t\t\t\t<span class=\"elementor-icon-list-text\">QUIERO M\u00c1S INFORMACI\u00d3N<\/span>\n\t\t\t\t\t\t\t\t\t\t\t<\/a>\n\t\t\t\t\t\t\t\t\t<\/li>\n\t\t\t\t\t\t<\/ul>\n\t\t\t\t\t\t<\/div>\n\t\t\t\t<\/div>\n\t\t\t\t\t<\/div>\n\t\t<\/div>\n\t\t\t\t<div class=\"elementor-column elementor-col-50 elementor-top-column elementor-element elementor-element-a0bd7bf\" data-id=\"a0bd7bf\" data-element_type=\"column\" data-e-type=\"column\">\n\t\t\t<div class=\"elementor-widget-wrap\">\n\t\t\t\t\t\t\t<\/div>\n\t\t<\/div>\n\t\t\t\t\t<\/div>\n\t\t<\/section>\n\t\t\t\t<section class=\"elementor-section elementor-top-section elementor-element elementor-element-910b964 elementor-section-boxed elementor-section-height-default elementor-section-height-default\" data-id=\"910b964\" data-element_type=\"section\" data-e-type=\"section\">\n\t\t\t\t\t\t<div class=\"elementor-container elementor-column-gap-default\">\n\t\t\t\t\t<div class=\"elementor-column elementor-col-100 elementor-top-column elementor-element elementor-element-7a83246\" data-id=\"7a83246\" data-element_type=\"column\" data-e-type=\"column\">\n\t\t\t<div class=\"elementor-widget-wrap elementor-element-populated\">\n\t\t\t\t\t\t<div class=\"elementor-element elementor-element-087d51c elementor-widget-divider--view-line elementor-widget elementor-widget-divider\" data-id=\"087d51c\" data-element_type=\"widget\" data-e-type=\"widget\" data-widget_type=\"divider.default\">\n\t\t\t\t<div class=\"elementor-widget-container\">\n\t\t\t\t\t\t\t<div class=\"elementor-divider\">\n\t\t\t<span class=\"elementor-divider-separator\">\n\t\t\t\t\t\t<\/span>\n\t\t<\/div>\n\t\t\t\t\t\t<\/div>\n\t\t\t\t<\/div>\n\t\t\t\t\t<\/div>\n\t\t<\/div>\n\t\t\t\t\t<\/div>\n\t\t<\/section>\n\t\t\t\t<section class=\"elementor-section elementor-top-section elementor-element elementor-element-065654d elementor-section-boxed elementor-section-height-default elementor-section-height-default elementor-invisible\" data-id=\"065654d\" data-element_type=\"section\" data-e-type=\"section\" data-settings=\"{&quot;animation&quot;:&quot;bounceInUp&quot;}\">\n\t\t\t\t\t\t<div class=\"elementor-container elementor-column-gap-default\">\n\t\t\t\t\t<div class=\"elementor-column elementor-col-100 elementor-top-column elementor-element elementor-element-eea3b97\" data-id=\"eea3b97\" data-element_type=\"column\" data-e-type=\"column\">\n\t\t\t<div class=\"elementor-widget-wrap elementor-element-populated\">\n\t\t\t\t\t\t<div class=\"elementor-element elementor-element-bfc1a0a elementor-widget elementor-widget-heading\" data-id=\"bfc1a0a\" data-element_type=\"widget\" data-e-type=\"widget\" data-widget_type=\"heading.default\">\n\t\t\t\t<div class=\"elementor-widget-container\">\n\t\t\t\t\t<h2 class=\"elementor-heading-title elementor-size-default\">Politica de Privacidad<\/h2>\t\t\t\t<\/div>\n\t\t\t\t<\/div>\n\t\t\t\t\t<\/div>\n\t\t<\/div>\n\t\t\t\t\t<\/div>\n\t\t<\/section>\n\t\t\t\t<section class=\"elementor-section elementor-top-section elementor-element elementor-element-42eb5a7 animated-slow elementor-section-boxed elementor-section-height-default elementor-section-height-default elementor-invisible\" data-id=\"42eb5a7\" data-element_type=\"section\" data-e-type=\"section\" data-settings=\"{&quot;animation&quot;:&quot;slideInRight&quot;}\">\n\t\t\t\t\t\t<div class=\"elementor-container elementor-column-gap-default\">\n\t\t\t\t\t<div class=\"elementor-column elementor-col-33 elementor-top-column elementor-element elementor-element-ff395fc\" data-id=\"ff395fc\" data-element_type=\"column\" data-e-type=\"column\">\n\t\t\t<div class=\"elementor-widget-wrap elementor-element-populated\">\n\t\t\t\t\t\t<div class=\"elementor-element elementor-element-d531a70 elementor-widget elementor-widget-text-editor\" data-id=\"d531a70\" data-element_type=\"widget\" data-e-type=\"widget\" data-widget_type=\"text-editor.default\">\n\t\t\t\t<div class=\"elementor-widget-container\">\n\t\t\t\t\t\t\t\t\t<p><strong><span style=\"color: #d60000;\">Finalidad<\/span><\/strong> Gesti\u00f3n de contactos y solicitudes de informaci\u00f3n recibidas v\u00eda web, mail o telef\u00f3nica<\/p>\t\t\t\t\t\t\t\t<\/div>\n\t\t\t\t<\/div>\n\t\t\t\t<div class=\"elementor-element elementor-element-eb458eb elementor-widget elementor-widget-text-editor\" data-id=\"eb458eb\" data-element_type=\"widget\" data-e-type=\"widget\" data-widget_type=\"text-editor.default\">\n\t\t\t\t<div class=\"elementor-widget-container\">\n\t\t\t\t\t\t\t\t\t<span style=\"color: #d60000;\"><strong>Legitimaci\u00f3n<\/strong><\/span> Consentimiento del interesado\t\t\t\t\t\t\t\t<\/div>\n\t\t\t\t<\/div>\n\t\t\t\t<div class=\"elementor-element elementor-element-2ac7dfd elementor-widget elementor-widget-text-editor\" data-id=\"2ac7dfd\" data-element_type=\"widget\" data-e-type=\"widget\" data-widget_type=\"text-editor.default\">\n\t\t\t\t<div class=\"elementor-widget-container\">\n\t\t\t\t\t\t\t\t\t<span style=\"color: #d60000;\"><strong>Plazo de Conservaci\u00f3n<\/strong><\/span> Los datos ser\u00e1n conservados mientras permanezca la finalidad para la que fueron recogidos y no exista ninguna obligaci\u00f3n pendiente para el interesado.\t\t\t\t\t\t\t\t<\/div>\n\t\t\t\t<\/div>\n\t\t\t\t\t<\/div>\n\t\t<\/div>\n\t\t\t\t<div class=\"elementor-column elementor-col-33 elementor-top-column elementor-element elementor-element-3cc7739\" data-id=\"3cc7739\" data-element_type=\"column\" data-e-type=\"column\">\n\t\t\t<div class=\"elementor-widget-wrap elementor-element-populated\">\n\t\t\t\t\t\t<div class=\"elementor-element elementor-element-6f66f52 elementor-widget elementor-widget-text-editor\" data-id=\"6f66f52\" data-element_type=\"widget\" data-e-type=\"widget\" data-widget_type=\"text-editor.default\">\n\t\t\t\t<div class=\"elementor-widget-container\">\n\t\t\t\t\t\t\t\t\t<p><span style=\"color: #d60000;\"><strong>Destinatarios<\/strong><\/span> No se ceder\u00e1n datos a terceros, ni se transferir\u00e1n fuera de la Uni\u00f3n Europea, salvo por obligaci\u00f3n legal.<\/p>\t\t\t\t\t\t\t\t<\/div>\n\t\t\t\t<\/div>\n\t\t\t\t<div class=\"elementor-element elementor-element-ae09b68 elementor-widget elementor-widget-text-editor\" data-id=\"ae09b68\" data-element_type=\"widget\" data-e-type=\"widget\" data-widget_type=\"text-editor.default\">\n\t\t\t\t<div class=\"elementor-widget-container\">\n\t\t\t\t\t\t\t\t\t<span style=\"color: #d60000;\"><strong>Derechos<\/strong><\/span> Acceder, rectificar y suprimir los datos, solicitar la portabilidad de los mismos, oponerse al tratamiento y solicitar la limitaci\u00f3n de \u00e9ste, puede ejercer los anteriores derechos enviando su solicitud a la direcci\u00f3n anteriormente indicada.\t\t\t\t\t\t\t\t<\/div>\n\t\t\t\t<\/div>\n\t\t\t\t\t<\/div>\n\t\t<\/div>\n\t\t\t\t<div class=\"elementor-column elementor-col-33 elementor-top-column elementor-element elementor-element-1d74172\" data-id=\"1d74172\" data-element_type=\"column\" data-e-type=\"column\">\n\t\t\t<div class=\"elementor-widget-wrap elementor-element-populated\">\n\t\t\t\t\t\t<div class=\"elementor-element elementor-element-027b451 elementor-widget elementor-widget-text-editor\" data-id=\"027b451\" data-element_type=\"widget\" data-e-type=\"widget\" data-widget_type=\"text-editor.default\">\n\t\t\t\t<div class=\"elementor-widget-container\">\n\t\t\t\t\t\t\t\t\t<p><span style=\"color: #d60000;\"><strong>Reclamaci\u00f3n<\/strong><\/span> Puedes presentar una reclamaci\u00f3n dirigida a la <span style=\"color: #d60000;\"><a style=\"color: #d60000;\" href=\"https:\/\/sedeagpd.gob.es\/sede-electronica-web\/\" target=\"_blank\" rel=\"noopener\">A.G.P.D. (Agencia Espa\u00f1ola de Protecci\u00f3n de Datos)<\/a><\/span>, mediante la sede electr\u00f3nica de la Autoridad por medios no electr\u00f3nicos.<\/p>\t\t\t\t\t\t\t\t<\/div>\n\t\t\t\t<\/div>\n\t\t\t\t\t<\/div>\n\t\t<\/div>\n\t\t\t\t\t<\/div>\n\t\t<\/section>\n\t\t\t\t<\/div>\n\t\t","protected":false},"excerpt":{"rendered":"<p>Contacto SONIA MAR\u00cdN FERN\u00c1NDEZ Avda. Dr. Mara\u00f1\u00f3n, 19, 5\u00ba A 29740 Torre del Mar M\u00e1laga, Espa\u00f1a Tel. (+34) 656 47 22 96 QUIERO M\u00c1S INFORMACI\u00d3N Politica de Privacidad Finalidad Gesti\u00f3n de contactos y solicitudes de informaci\u00f3n recibidas v\u00eda web, mail o telef\u00f3nica Legitimaci\u00f3n Consentimiento del interesadoPlazo de Conservaci\u00f3n Los datos ser\u00e1n conservados mientras permanezca la &hellip; <\/p>\n<p class=\"link-more\"><a href=\"https:\/\/flamencoson.com\/en\/contact\/\" class=\"more-link\">Continue reading<span class=\"screen-reader-text\"> &#8220;Contact&#8221;<\/span><\/a><\/p>\n","protected":false},"author":1,"featured_media":0,"parent":0,"menu_order":0,"comment_status":"closed","ping_status":"closed","template":"elementor_header_footer","meta":{"footnotes":""},"class_list":["post-36256","page","type-page","status-publish","hentry","entry"],"yoast_head":"<!-- This site is optimized with the Yoast SEO plugin v27.4 - https:\/\/yoast.com\/product\/yoast-seo-wordpress\/ -->\n<title>Contact - Flamencoson<\/title>\n<meta name=\"description\" content=\"Contact Flamencoson to learn more about our online flamenco classes. Don&#039;t hesitate any longer and enter your flamenco dance platform.\" \/>\n<meta name=\"robots\" content=\"index, follow, max-snippet:-1, max-image-preview:large, max-video-preview:-1\" \/>\n<link rel=\"canonical\" href=\"https:\/\/flamencoson.com\/en\/contact\/\" \/>\n<meta property=\"og:locale\" content=\"en_US\" \/>\n<meta property=\"og:type\" content=\"article\" \/>\n<meta property=\"og:title\" content=\"Contact - Flamencoson\" \/>\n<meta property=\"og:description\" content=\"Contact Flamencoson to learn more about our online flamenco classes. Don&#039;t hesitate any longer and enter your flamenco dance platform.\" \/>\n<meta property=\"og:url\" content=\"https:\/\/flamencoson.com\/en\/contact\/\" \/>\n<meta property=\"og:site_name\" content=\"Flamencoson\" \/>\n<meta property=\"article:publisher\" content=\"https:\/\/www.facebook.com\/flamencoson\/\" \/>\n<meta property=\"og:image\" content=\"https:\/\/flamencoson.com\/wp-content\/uploads\/elementor\/thumbs\/LOGO_FLAMENCOSON-1-nmyxx438o0nb3424ts7nkwniroqsse33lr5sxkshkw.jpg\" \/>\n<meta name=\"twitter:card\" content=\"summary_large_image\" \/>\n<meta name=\"twitter:site\" content=\"@flamencoson\" \/>\n<meta name=\"twitter:label1\" content=\"Est. reading time\" \/>\n\t<meta name=\"twitter:data1\" content=\"1 minute\" \/>\n<script type=\"application\/ld+json\" class=\"yoast-schema-graph\">{\"@context\":\"https:\\\/\\\/schema.org\",\"@graph\":[{\"@type\":\"WebPage\",\"@id\":\"https:\\\/\\\/flamencoson.com\\\/en\\\/contact\\\/\",\"url\":\"https:\\\/\\\/flamencoson.com\\\/en\\\/contact\\\/\",\"name\":\"Contact - Flamencoson\",\"isPartOf\":{\"@id\":\"https:\\\/\\\/flamencoson.com\\\/en\\\/#website\"},\"primaryImageOfPage\":{\"@id\":\"https:\\\/\\\/flamencoson.com\\\/en\\\/contact\\\/#primaryimage\"},\"image\":{\"@id\":\"https:\\\/\\\/flamencoson.com\\\/en\\\/contact\\\/#primaryimage\"},\"thumbnailUrl\":\"https:\\\/\\\/flamencoson.com\\\/wp-content\\\/uploads\\\/elementor\\\/thumbs\\\/LOGO_FLAMENCOSON-1-nmyxx438o0nb3424ts7nkwniroqsse33lr5sxkshkw.jpg\",\"datePublished\":\"2026-04-27T10:40:40+00:00\",\"description\":\"Contact Flamencoson to learn more about our online flamenco classes. Don't hesitate any longer and enter your flamenco dance platform.\",\"breadcrumb\":{\"@id\":\"https:\\\/\\\/flamencoson.com\\\/en\\\/contact\\\/#breadcrumb\"},\"inLanguage\":\"en-US\",\"potentialAction\":[{\"@type\":\"ReadAction\",\"target\":[\"https:\\\/\\\/flamencoson.com\\\/en\\\/contact\\\/\"]}]},{\"@type\":\"ImageObject\",\"inLanguage\":\"en-US\",\"@id\":\"https:\\\/\\\/flamencoson.com\\\/en\\\/contact\\\/#primaryimage\",\"url\":\"https:\\\/\\\/flamencoson.com\\\/wp-content\\\/uploads\\\/elementor\\\/thumbs\\\/LOGO_FLAMENCOSON-1-nmyxx438o0nb3424ts7nkwniroqsse33lr5sxkshkw.jpg\",\"contentUrl\":\"https:\\\/\\\/flamencoson.com\\\/wp-content\\\/uploads\\\/elementor\\\/thumbs\\\/LOGO_FLAMENCOSON-1-nmyxx438o0nb3424ts7nkwniroqsse33lr5sxkshkw.jpg\"},{\"@type\":\"BreadcrumbList\",\"@id\":\"https:\\\/\\\/flamencoson.com\\\/en\\\/contact\\\/#breadcrumb\",\"itemListElement\":[{\"@type\":\"ListItem\",\"position\":1,\"name\":\"Portada\",\"item\":\"https:\\\/\\\/flamencoson.com\\\/en\\\/\"},{\"@type\":\"ListItem\",\"position\":2,\"name\":\"Contact\"}]},{\"@type\":\"WebSite\",\"@id\":\"https:\\\/\\\/flamencoson.com\\\/en\\\/#website\",\"url\":\"https:\\\/\\\/flamencoson.com\\\/en\\\/\",\"name\":\"Flamencoson\",\"description\":\"Clases de baile flamenco online y presenciales\",\"publisher\":{\"@id\":\"https:\\\/\\\/flamencoson.com\\\/en\\\/#organization\"},\"potentialAction\":[{\"@type\":\"SearchAction\",\"target\":{\"@type\":\"EntryPoint\",\"urlTemplate\":\"https:\\\/\\\/flamencoson.com\\\/en\\\/?s={search_term_string}\"},\"query-input\":{\"@type\":\"PropertyValueSpecification\",\"valueRequired\":true,\"valueName\":\"search_term_string\"}}],\"inLanguage\":\"en-US\"},{\"@type\":\"Organization\",\"@id\":\"https:\\\/\\\/flamencoson.com\\\/en\\\/#organization\",\"name\":\"Flamencoson\",\"url\":\"https:\\\/\\\/flamencoson.com\\\/en\\\/\",\"logo\":{\"@type\":\"ImageObject\",\"inLanguage\":\"en-US\",\"@id\":\"https:\\\/\\\/flamencoson.com\\\/en\\\/#\\\/schema\\\/logo\\\/image\\\/\",\"url\":\"https:\\\/\\\/flamencoson.com\\\/wp-content\\\/uploads\\\/2020\\\/04\\\/cursos-de-flamenco-online-logo-flamencoson.jpg\",\"contentUrl\":\"https:\\\/\\\/flamencoson.com\\\/wp-content\\\/uploads\\\/2020\\\/04\\\/cursos-de-flamenco-online-logo-flamencoson.jpg\",\"width\":768,\"height\":1299,\"caption\":\"Flamencoson\"},\"image\":{\"@id\":\"https:\\\/\\\/flamencoson.com\\\/en\\\/#\\\/schema\\\/logo\\\/image\\\/\"},\"sameAs\":[\"https:\\\/\\\/www.facebook.com\\\/flamencoson\\\/\",\"https:\\\/\\\/x.com\\\/flamencoson\",\"https:\\\/\\\/www.instagram.com\\\/flamencoson\\\/channel\\\/\",\"https:\\\/\\\/www.linkedin.com\\\/company\\\/flamencoson\",\"https:\\\/\\\/www.youtube.com\\\/Flamencoson\\\/?sub_confirmation=1\",\"https:\\\/\\\/es.wikipedia.org\\\/wiki\\\/Archivo:Sonia_Mar\u00edn_Fern\u00e1ndez_Flamencoson.jpg\"]}]}<\/script>\n<!-- \/ Yoast SEO plugin. -->","yoast_head_json":{"title":"Contact - Flamencoson","description":"Contact Flamencoson to learn more about our online flamenco classes. Don't hesitate any longer and enter your flamenco dance platform.","robots":{"index":"index","follow":"follow","max-snippet":"max-snippet:-1","max-image-preview":"max-image-preview:large","max-video-preview":"max-video-preview:-1"},"canonical":"https:\/\/flamencoson.com\/en\/contact\/","og_locale":"en_US","og_type":"article","og_title":"Contact - Flamencoson","og_description":"Contact Flamencoson to learn more about our online flamenco classes. Don't hesitate any longer and enter your flamenco dance platform.","og_url":"https:\/\/flamencoson.com\/en\/contact\/","og_site_name":"Flamencoson","article_publisher":"https:\/\/www.facebook.com\/flamencoson\/","og_image":[{"url":"https:\/\/flamencoson.com\/wp-content\/uploads\/elementor\/thumbs\/LOGO_FLAMENCOSON-1-nmyxx438o0nb3424ts7nkwniroqsse33lr5sxkshkw.jpg","type":"","width":"","height":""}],"twitter_card":"summary_large_image","twitter_site":"@flamencoson","twitter_misc":{"Est. reading time":"1 minute"},"schema":{"@context":"https:\/\/schema.org","@graph":[{"@type":"WebPage","@id":"https:\/\/flamencoson.com\/en\/contact\/","url":"https:\/\/flamencoson.com\/en\/contact\/","name":"Contact - Flamencoson","isPartOf":{"@id":"https:\/\/flamencoson.com\/en\/#website"},"primaryImageOfPage":{"@id":"https:\/\/flamencoson.com\/en\/contact\/#primaryimage"},"image":{"@id":"https:\/\/flamencoson.com\/en\/contact\/#primaryimage"},"thumbnailUrl":"https:\/\/flamencoson.com\/wp-content\/uploads\/elementor\/thumbs\/LOGO_FLAMENCOSON-1-nmyxx438o0nb3424ts7nkwniroqsse33lr5sxkshkw.jpg","datePublished":"2026-04-27T10:40:40+00:00","description":"Contact Flamencoson to learn more about our online flamenco classes. Don't hesitate any longer and enter your flamenco dance platform.","breadcrumb":{"@id":"https:\/\/flamencoson.com\/en\/contact\/#breadcrumb"},"inLanguage":"en-US","potentialAction":[{"@type":"ReadAction","target":["https:\/\/flamencoson.com\/en\/contact\/"]}]},{"@type":"ImageObject","inLanguage":"en-US","@id":"https:\/\/flamencoson.com\/en\/contact\/#primaryimage","url":"https:\/\/flamencoson.com\/wp-content\/uploads\/elementor\/thumbs\/LOGO_FLAMENCOSON-1-nmyxx438o0nb3424ts7nkwniroqsse33lr5sxkshkw.jpg","contentUrl":"https:\/\/flamencoson.com\/wp-content\/uploads\/elementor\/thumbs\/LOGO_FLAMENCOSON-1-nmyxx438o0nb3424ts7nkwniroqsse33lr5sxkshkw.jpg"},{"@type":"BreadcrumbList","@id":"https:\/\/flamencoson.com\/en\/contact\/#breadcrumb","itemListElement":[{"@type":"ListItem","position":1,"name":"Portada","item":"https:\/\/flamencoson.com\/en\/"},{"@type":"ListItem","position":2,"name":"Contact"}]},{"@type":"WebSite","@id":"https:\/\/flamencoson.com\/en\/#website","url":"https:\/\/flamencoson.com\/en\/","name":"Flamencoson","description":"Clases de baile flamenco online y presenciales","publisher":{"@id":"https:\/\/flamencoson.com\/en\/#organization"},"potentialAction":[{"@type":"SearchAction","target":{"@type":"EntryPoint","urlTemplate":"https:\/\/flamencoson.com\/en\/?s={search_term_string}"},"query-input":{"@type":"PropertyValueSpecification","valueRequired":true,"valueName":"search_term_string"}}],"inLanguage":"en-US"},{"@type":"Organization","@id":"https:\/\/flamencoson.com\/en\/#organization","name":"Flamencoson","url":"https:\/\/flamencoson.com\/en\/","logo":{"@type":"ImageObject","inLanguage":"en-US","@id":"https:\/\/flamencoson.com\/en\/#\/schema\/logo\/image\/","url":"https:\/\/flamencoson.com\/wp-content\/uploads\/2020\/04\/cursos-de-flamenco-online-logo-flamencoson.jpg","contentUrl":"https:\/\/flamencoson.com\/wp-content\/uploads\/2020\/04\/cursos-de-flamenco-online-logo-flamencoson.jpg","width":768,"height":1299,"caption":"Flamencoson"},"image":{"@id":"https:\/\/flamencoson.com\/en\/#\/schema\/logo\/image\/"},"sameAs":["https:\/\/www.facebook.com\/flamencoson\/","https:\/\/x.com\/flamencoson","https:\/\/www.instagram.com\/flamencoson\/channel\/","https:\/\/www.linkedin.com\/company\/flamencoson","https:\/\/www.youtube.com\/Flamencoson\/?sub_confirmation=1","https:\/\/es.wikipedia.org\/wiki\/Archivo:Sonia_Mar\u00edn_Fern\u00e1ndez_Flamencoson.jpg"]}]}},"_links":{"self":[{"href":"https:\/\/flamencoson.com\/en\/wp-json\/wp\/v2\/pages\/36256","targetHints":{"allow":["GET"]}}],"collection":[{"href":"https:\/\/flamencoson.com\/en\/wp-json\/wp\/v2\/pages"}],"about":[{"href":"https:\/\/flamencoson.com\/en\/wp-json\/wp\/v2\/types\/page"}],"author":[{"embeddable":true,"href":"https:\/\/flamencoson.com\/en\/wp-json\/wp\/v2\/users\/1"}],"replies":[{"embeddable":true,"href":"https:\/\/flamencoson.com\/en\/wp-json\/wp\/v2\/comments?post=36256"}],"version-history":[{"count":1,"href":"https:\/\/flamencoson.com\/en\/wp-json\/wp\/v2\/pages\/36256\/revisions"}],"predecessor-version":[{"id":36257,"href":"https:\/\/flamencoson.com\/en\/wp-json\/wp\/v2\/pages\/36256\/revisions\/36257"}],"wp:attachment":[{"href":"https:\/\/flamencoson.com\/en\/wp-json\/wp\/v2\/media?parent=36256"}],"curies":[{"name":"wp","href":"https:\/\/api.w.org\/{rel}","templated":true}]}}