{"id":36398,"date":"2026-04-27T13:21:05","date_gmt":"2026-04-27T11:21:05","guid":{"rendered":"https:\/\/flamencoson.com\/student-registration\/"},"modified":"2026-04-27T13:21:05","modified_gmt":"2026-04-27T11:21:05","slug":"student-registration","status":"publish","type":"page","link":"https:\/\/flamencoson.com\/en\/student-registration\/","title":{"rendered":"Student Registration"},"content":{"rendered":"<p>[vc_row][vc_column width=&#8221;2\/3&#8243;][vc_column_text][ultimatemember form_id=&#8221;21542&#8243;][\/vc_column_text][\/vc_column][vc_column width=&#8221;1\/3&#8243;][vc_column_text]<strong>Responsable<\/strong><br \/>\nMAR\u00cdA SONIA MAR\u00cdN FERN\u00c1NDEZ<br \/>\nC\/Fernando Sol\u00eds, N\u00ba 17, Edif. Castillo 7, A-H, Oj\u00e9n, 29610, M\u00e1laga. C.P 29.601<br \/>\nE-mail:\u00a0<a href=\"mailto:info@flamencoson.com\">info@flamencoson.com<\/a>.<br \/>\n<strong>Finalidad<\/strong><br \/>\nGesti\u00f3n de contactos y solicitudes de informaci\u00f3n recibidas v\u00eda web, mail o telef\u00f3nica<br \/>\n<strong>Legitimaci\u00f3n<\/strong><br \/>\nConsentimiento del interesado<br \/>\n<strong>Plazo de Conservaci\u00f3n<\/strong><br \/>\nLos datos ser\u00e1n conservados mientras permanezca la finalidad para la que fueron recogidos y no exista ninguna obligaci\u00f3n pendiente para el interesado.<br \/>\n<strong>Destinatarios<\/strong><br \/>\nNo se ceder\u00e1n datos a terceros, ni se transferir\u00e1n fuera de la Uni\u00f3n Europea, salvo por obligaci\u00f3n legal.<br \/>\n<strong>Derechos<\/strong><br \/>\nAcceder, rectificar y suprimir los datos, solicitar la portabilidad de los mismos, oponerse al tratamiento y solicitar la limitaci\u00f3n de \u00e9ste, puede ejercer los anteriores derechos enviando su solicitud a la direcci\u00f3n anteriormente indicada.<br \/>\n<strong>Reclamaci\u00f3n<\/strong><br \/>\nPuede presentar una reclamaci\u00f3n dirigida a la A.G.P.D. (Agencia Espa\u00f1ola de Protecci\u00f3n de Datos), mediante la sede electr\u00f3nica de la Autoridad (<a href=\"https:\/\/sedeagpd.gob.es\/sede-electronica-web\/\">https:\/\/sedeagpd.gob.es\/sede-electronica-web\/<\/a>) o por medios no electr\u00f3nicos.<\/p>\n<p>[\/vc_column_text][\/vc_column][\/vc_row]<\/p>\n","protected":false},"excerpt":{"rendered":"<p>[vc_row][vc_column width=&#8221;2\/3&#8243;][vc_column_text][ultimatemember form_id=&#8221;21542&#8243;][\/vc_column_text][\/vc_column][vc_column width=&#8221;1\/3&#8243;][vc_column_text]Responsable MAR\u00cdA SONIA MAR\u00cdN FERN\u00c1NDEZ C\/Fernando Sol\u00eds, N\u00ba 17, Edif. Castillo 7, A-H, Oj\u00e9n, 29610, M\u00e1laga. C.P 29.601 E-mail:\u00a0info@flamencoson.com. Finalidad Gesti\u00f3n de contactos y solicitudes de informaci\u00f3n recibidas v\u00eda web, mail o telef\u00f3nica Legitimaci\u00f3n Consentimiento del interesado Plazo de Conservaci\u00f3n Los datos ser\u00e1n conservados mientras permanezca la finalidad para la que fueron &hellip; <\/p>\n<p class=\"link-more\"><a href=\"https:\/\/flamencoson.com\/en\/student-registration\/\" class=\"more-link\">Continue reading<span class=\"screen-reader-text\"> &#8220;Student Registration&#8221;<\/span><\/a><\/p>\n","protected":false},"author":1,"featured_media":0,"parent":0,"menu_order":0,"comment_status":"closed","ping_status":"closed","template":"","meta":{"footnotes":""},"class_list":["post-36398","page","type-page","status-publish","hentry","entry"],"yoast_head":"<!-- This site is optimized with the Yoast SEO plugin v27.4 - https:\/\/yoast.com\/product\/yoast-seo-wordpress\/ -->\n<title>Student Registration - Flamencoson<\/title>\n<meta name=\"robots\" content=\"index, follow, max-snippet:-1, max-image-preview:large, max-video-preview:-1\" \/>\n<link rel=\"canonical\" href=\"https:\/\/flamencoson.com\/en\/student-registration\/\" \/>\n<meta property=\"og:locale\" content=\"en_US\" \/>\n<meta property=\"og:type\" content=\"article\" \/>\n<meta property=\"og:title\" content=\"Student Registration - Flamencoson\" \/>\n<meta property=\"og:description\" content=\"[vc_row][vc_column width=&#8221;2\/3&#8243;][vc_column_text][ultimatemember form_id=&#8221;21542&#8243;][\/vc_column_text][\/vc_column][vc_column width=&#8221;1\/3&#8243;][vc_column_text]Responsable MAR\u00cdA SONIA MAR\u00cdN FERN\u00c1NDEZ C\/Fernando Sol\u00eds, N\u00ba 17, Edif. Castillo 7, A-H, Oj\u00e9n, 29610, M\u00e1laga. C.P 29.601 E-mail:\u00a0info@flamencoson.com. Finalidad Gesti\u00f3n de contactos y solicitudes de informaci\u00f3n recibidas v\u00eda web, mail o telef\u00f3nica Legitimaci\u00f3n Consentimiento del interesado Plazo de Conservaci\u00f3n Los datos ser\u00e1n conservados mientras permanezca la finalidad para la que fueron &hellip; Continue reading &quot;Student Registration&quot;\" \/>\n<meta property=\"og:url\" content=\"https:\/\/flamencoson.com\/en\/student-registration\/\" \/>\n<meta property=\"og:site_name\" content=\"Flamencoson\" \/>\n<meta property=\"article:publisher\" content=\"https:\/\/www.facebook.com\/flamencoson\/\" \/>\n<meta name=\"twitter:card\" content=\"summary_large_image\" \/>\n<meta name=\"twitter:site\" content=\"@flamencoson\" \/>\n<meta name=\"twitter:label1\" content=\"Est. reading time\" \/>\n\t<meta name=\"twitter:data1\" content=\"1 minute\" \/>\n<script type=\"application\/ld+json\" class=\"yoast-schema-graph\">{\"@context\":\"https:\\\/\\\/schema.org\",\"@graph\":[{\"@type\":\"WebPage\",\"@id\":\"https:\\\/\\\/flamencoson.com\\\/en\\\/student-registration\\\/\",\"url\":\"https:\\\/\\\/flamencoson.com\\\/en\\\/student-registration\\\/\",\"name\":\"Student Registration - Flamencoson\",\"isPartOf\":{\"@id\":\"https:\\\/\\\/flamencoson.com\\\/en\\\/#website\"},\"datePublished\":\"2026-04-27T11:21:05+00:00\",\"breadcrumb\":{\"@id\":\"https:\\\/\\\/flamencoson.com\\\/en\\\/student-registration\\\/#breadcrumb\"},\"inLanguage\":\"en-US\",\"potentialAction\":[{\"@type\":\"ReadAction\",\"target\":[\"https:\\\/\\\/flamencoson.com\\\/en\\\/student-registration\\\/\"]}]},{\"@type\":\"BreadcrumbList\",\"@id\":\"https:\\\/\\\/flamencoson.com\\\/en\\\/student-registration\\\/#breadcrumb\",\"itemListElement\":[{\"@type\":\"ListItem\",\"position\":1,\"name\":\"Portada\",\"item\":\"https:\\\/\\\/flamencoson.com\\\/en\\\/\"},{\"@type\":\"ListItem\",\"position\":2,\"name\":\"Student Registration\"}]},{\"@type\":\"WebSite\",\"@id\":\"https:\\\/\\\/flamencoson.com\\\/en\\\/#website\",\"url\":\"https:\\\/\\\/flamencoson.com\\\/en\\\/\",\"name\":\"Flamencoson\",\"description\":\"Clases de baile flamenco online y presenciales\",\"publisher\":{\"@id\":\"https:\\\/\\\/flamencoson.com\\\/en\\\/#organization\"},\"potentialAction\":[{\"@type\":\"SearchAction\",\"target\":{\"@type\":\"EntryPoint\",\"urlTemplate\":\"https:\\\/\\\/flamencoson.com\\\/en\\\/?s={search_term_string}\"},\"query-input\":{\"@type\":\"PropertyValueSpecification\",\"valueRequired\":true,\"valueName\":\"search_term_string\"}}],\"inLanguage\":\"en-US\"},{\"@type\":\"Organization\",\"@id\":\"https:\\\/\\\/flamencoson.com\\\/en\\\/#organization\",\"name\":\"Flamencoson\",\"url\":\"https:\\\/\\\/flamencoson.com\\\/en\\\/\",\"logo\":{\"@type\":\"ImageObject\",\"inLanguage\":\"en-US\",\"@id\":\"https:\\\/\\\/flamencoson.com\\\/en\\\/#\\\/schema\\\/logo\\\/image\\\/\",\"url\":\"https:\\\/\\\/flamencoson.com\\\/wp-content\\\/uploads\\\/2020\\\/04\\\/cursos-de-flamenco-online-logo-flamencoson.jpg\",\"contentUrl\":\"https:\\\/\\\/flamencoson.com\\\/wp-content\\\/uploads\\\/2020\\\/04\\\/cursos-de-flamenco-online-logo-flamencoson.jpg\",\"width\":768,\"height\":1299,\"caption\":\"Flamencoson\"},\"image\":{\"@id\":\"https:\\\/\\\/flamencoson.com\\\/en\\\/#\\\/schema\\\/logo\\\/image\\\/\"},\"sameAs\":[\"https:\\\/\\\/www.facebook.com\\\/flamencoson\\\/\",\"https:\\\/\\\/x.com\\\/flamencoson\",\"https:\\\/\\\/www.instagram.com\\\/flamencoson\\\/channel\\\/\",\"https:\\\/\\\/www.linkedin.com\\\/company\\\/flamencoson\",\"https:\\\/\\\/www.youtube.com\\\/Flamencoson\\\/?sub_confirmation=1\",\"https:\\\/\\\/es.wikipedia.org\\\/wiki\\\/Archivo:Sonia_Mar\u00edn_Fern\u00e1ndez_Flamencoson.jpg\"]}]}<\/script>\n<!-- \/ Yoast SEO plugin. -->","yoast_head_json":{"title":"Student Registration - Flamencoson","robots":{"index":"index","follow":"follow","max-snippet":"max-snippet:-1","max-image-preview":"max-image-preview:large","max-video-preview":"max-video-preview:-1"},"canonical":"https:\/\/flamencoson.com\/en\/student-registration\/","og_locale":"en_US","og_type":"article","og_title":"Student Registration - Flamencoson","og_description":"[vc_row][vc_column width=&#8221;2\/3&#8243;][vc_column_text][ultimatemember form_id=&#8221;21542&#8243;][\/vc_column_text][\/vc_column][vc_column width=&#8221;1\/3&#8243;][vc_column_text]Responsable MAR\u00cdA SONIA MAR\u00cdN FERN\u00c1NDEZ C\/Fernando Sol\u00eds, N\u00ba 17, Edif. Castillo 7, A-H, Oj\u00e9n, 29610, M\u00e1laga. C.P 29.601 E-mail:\u00a0info@flamencoson.com. Finalidad Gesti\u00f3n de contactos y solicitudes de informaci\u00f3n recibidas v\u00eda web, mail o telef\u00f3nica Legitimaci\u00f3n Consentimiento del interesado Plazo de Conservaci\u00f3n Los datos ser\u00e1n conservados mientras permanezca la finalidad para la que fueron &hellip; Continue reading \"Student Registration\"","og_url":"https:\/\/flamencoson.com\/en\/student-registration\/","og_site_name":"Flamencoson","article_publisher":"https:\/\/www.facebook.com\/flamencoson\/","twitter_card":"summary_large_image","twitter_site":"@flamencoson","twitter_misc":{"Est. reading time":"1 minute"},"schema":{"@context":"https:\/\/schema.org","@graph":[{"@type":"WebPage","@id":"https:\/\/flamencoson.com\/en\/student-registration\/","url":"https:\/\/flamencoson.com\/en\/student-registration\/","name":"Student Registration - Flamencoson","isPartOf":{"@id":"https:\/\/flamencoson.com\/en\/#website"},"datePublished":"2026-04-27T11:21:05+00:00","breadcrumb":{"@id":"https:\/\/flamencoson.com\/en\/student-registration\/#breadcrumb"},"inLanguage":"en-US","potentialAction":[{"@type":"ReadAction","target":["https:\/\/flamencoson.com\/en\/student-registration\/"]}]},{"@type":"BreadcrumbList","@id":"https:\/\/flamencoson.com\/en\/student-registration\/#breadcrumb","itemListElement":[{"@type":"ListItem","position":1,"name":"Portada","item":"https:\/\/flamencoson.com\/en\/"},{"@type":"ListItem","position":2,"name":"Student Registration"}]},{"@type":"WebSite","@id":"https:\/\/flamencoson.com\/en\/#website","url":"https:\/\/flamencoson.com\/en\/","name":"Flamencoson","description":"Clases de baile flamenco online y presenciales","publisher":{"@id":"https:\/\/flamencoson.com\/en\/#organization"},"potentialAction":[{"@type":"SearchAction","target":{"@type":"EntryPoint","urlTemplate":"https:\/\/flamencoson.com\/en\/?s={search_term_string}"},"query-input":{"@type":"PropertyValueSpecification","valueRequired":true,"valueName":"search_term_string"}}],"inLanguage":"en-US"},{"@type":"Organization","@id":"https:\/\/flamencoson.com\/en\/#organization","name":"Flamencoson","url":"https:\/\/flamencoson.com\/en\/","logo":{"@type":"ImageObject","inLanguage":"en-US","@id":"https:\/\/flamencoson.com\/en\/#\/schema\/logo\/image\/","url":"https:\/\/flamencoson.com\/wp-content\/uploads\/2020\/04\/cursos-de-flamenco-online-logo-flamencoson.jpg","contentUrl":"https:\/\/flamencoson.com\/wp-content\/uploads\/2020\/04\/cursos-de-flamenco-online-logo-flamencoson.jpg","width":768,"height":1299,"caption":"Flamencoson"},"image":{"@id":"https:\/\/flamencoson.com\/en\/#\/schema\/logo\/image\/"},"sameAs":["https:\/\/www.facebook.com\/flamencoson\/","https:\/\/x.com\/flamencoson","https:\/\/www.instagram.com\/flamencoson\/channel\/","https:\/\/www.linkedin.com\/company\/flamencoson","https:\/\/www.youtube.com\/Flamencoson\/?sub_confirmation=1","https:\/\/es.wikipedia.org\/wiki\/Archivo:Sonia_Mar\u00edn_Fern\u00e1ndez_Flamencoson.jpg"]}]}},"_links":{"self":[{"href":"https:\/\/flamencoson.com\/en\/wp-json\/wp\/v2\/pages\/36398","targetHints":{"allow":["GET"]}}],"collection":[{"href":"https:\/\/flamencoson.com\/en\/wp-json\/wp\/v2\/pages"}],"about":[{"href":"https:\/\/flamencoson.com\/en\/wp-json\/wp\/v2\/types\/page"}],"author":[{"embeddable":true,"href":"https:\/\/flamencoson.com\/en\/wp-json\/wp\/v2\/users\/1"}],"replies":[{"embeddable":true,"href":"https:\/\/flamencoson.com\/en\/wp-json\/wp\/v2\/comments?post=36398"}],"version-history":[{"count":2,"href":"https:\/\/flamencoson.com\/en\/wp-json\/wp\/v2\/pages\/36398\/revisions"}],"predecessor-version":[{"id":36401,"href":"https:\/\/flamencoson.com\/en\/wp-json\/wp\/v2\/pages\/36398\/revisions\/36401"}],"wp:attachment":[{"href":"https:\/\/flamencoson.com\/en\/wp-json\/wp\/v2\/media?parent=36398"}],"curies":[{"name":"wp","href":"https:\/\/api.w.org\/{rel}","templated":true}]}}