{"id":36404,"date":"2026-04-27T13:21:06","date_gmt":"2026-04-27T11:21:06","guid":{"rendered":"https:\/\/flamencoson.com\/acknowledgments\/"},"modified":"2026-04-27T13:21:08","modified_gmt":"2026-04-27T11:21:08","slug":"acknowledgments","status":"publish","type":"page","link":"https:\/\/flamencoson.com\/en\/acknowledgments\/","title":{"rendered":"Acknowledgments"},"content":{"rendered":"\t\t<div data-elementor-type=\"wp-post\" data-elementor-id=\"36404\" class=\"elementor elementor-36404 elementor-320\" data-elementor-post-type=\"page\">\n\t\t\t\t\t\t<section class=\"elementor-section elementor-top-section elementor-element elementor-element-508891f animated-slow elementor-section-boxed elementor-section-height-default elementor-section-height-default elementor-invisible\" data-id=\"508891f\" data-element_type=\"section\" data-e-type=\"section\" data-settings=\"{&quot;animation&quot;:&quot;bounceInLeft&quot;}\">\n\t\t\t\t\t\t<div class=\"elementor-container elementor-column-gap-default\">\n\t\t\t\t\t<div class=\"elementor-column elementor-col-100 elementor-top-column elementor-element elementor-element-33a60b8\" data-id=\"33a60b8\" data-element_type=\"column\" data-e-type=\"column\">\n\t\t\t<div class=\"elementor-widget-wrap elementor-element-populated\">\n\t\t\t\t\t\t<div class=\"elementor-element elementor-element-32a228a elementor-widget elementor-widget-heading\" data-id=\"32a228a\" data-element_type=\"widget\" data-e-type=\"widget\" data-widget_type=\"heading.default\">\n\t\t\t\t<div class=\"elementor-widget-container\">\n\t\t\t\t\t<h2 class=\"elementor-heading-title elementor-size-default\">Acknowledgments<\/h2>\t\t\t\t<\/div>\n\t\t\t\t<\/div>\n\t\t\t\t\t<\/div>\n\t\t<\/div>\n\t\t\t\t\t<\/div>\n\t\t<\/section>\n\t\t\t\t<section class=\"elementor-section elementor-top-section elementor-element elementor-element-ee92fbb elementor-section-boxed elementor-section-height-default elementor-section-height-default\" data-id=\"ee92fbb\" data-element_type=\"section\" data-e-type=\"section\">\n\t\t\t\t\t\t<div class=\"elementor-container elementor-column-gap-default\">\n\t\t\t\t\t<div class=\"elementor-column elementor-col-100 elementor-top-column elementor-element elementor-element-b4c944b\" data-id=\"b4c944b\" data-element_type=\"column\" data-e-type=\"column\">\n\t\t\t<div class=\"elementor-widget-wrap elementor-element-populated\">\n\t\t\t\t\t\t<div class=\"elementor-element elementor-element-8e603ba elementor-widget-divider--view-line elementor-widget elementor-widget-divider\" data-id=\"8e603ba\" data-element_type=\"widget\" data-e-type=\"widget\" data-widget_type=\"divider.default\">\n\t\t\t\t<div class=\"elementor-widget-container\">\n\t\t\t\t\t\t\t<div class=\"elementor-divider\">\n\t\t\t<span class=\"elementor-divider-separator\">\n\t\t\t\t\t\t<\/span>\n\t\t<\/div>\n\t\t\t\t\t\t<\/div>\n\t\t\t\t<\/div>\n\t\t\t\t\t<\/div>\n\t\t<\/div>\n\t\t\t\t\t<\/div>\n\t\t<\/section>\n\t\t\t\t<section class=\"elementor-section elementor-top-section elementor-element elementor-element-4cc94c8a elementor-section-boxed elementor-section-height-default elementor-section-height-default\" data-id=\"4cc94c8a\" data-element_type=\"section\" data-e-type=\"section\">\n\t\t\t\t\t\t<div class=\"elementor-container elementor-column-gap-default\">\n\t\t\t\t\t<div class=\"elementor-column elementor-col-50 elementor-top-column elementor-element elementor-element-1ae3411e\" data-id=\"1ae3411e\" data-element_type=\"column\" data-e-type=\"column\">\n\t\t\t<div class=\"elementor-widget-wrap elementor-element-populated\">\n\t\t\t\t\t\t<div class=\"elementor-element elementor-element-6c011b22 elementor-widget elementor-widget-text-editor\" data-id=\"6c011b22\" data-element_type=\"widget\" data-e-type=\"widget\" data-widget_type=\"text-editor.default\">\n\t\t\t\t<div class=\"elementor-widget-container\">\n\t\t\t\t\t\t\t\t\t<p>Sonia Mar\u00edn, nationally selected to dance flamenco in the 2000 Freixenet advertisement.<\/p>\t\t\t\t\t\t\t\t<\/div>\n\t\t\t\t<\/div>\n\t\t\t\t<div class=\"elementor-element elementor-element-6059428 elementor-widget elementor-widget-video\" data-id=\"6059428\" data-element_type=\"widget\" data-e-type=\"widget\" data-settings=\"{&quot;youtube_url&quot;:&quot;https:\\\/\\\/youtu.be\\\/qgE7z_SxX8U&quot;,&quot;show_image_overlay&quot;:&quot;yes&quot;,&quot;image_overlay&quot;:{&quot;url&quot;:&quot;https:\\\/\\\/flamencoson.com\\\/wp-content\\\/uploads\\\/2019\\\/05\\\/frexenetsoniamarin2.jpg&quot;,&quot;id&quot;:36408,&quot;size&quot;:&quot;&quot;},&quot;lightbox&quot;:&quot;yes&quot;,&quot;video_type&quot;:&quot;youtube&quot;,&quot;controls&quot;:&quot;yes&quot;}\" data-widget_type=\"video.default\">\n\t\t\t\t<div class=\"elementor-widget-container\">\n\t\t\t\t\t\t\t<div class=\"elementor-wrapper elementor-open-lightbox\">\n\t\t\t\t\t\t\t<div class=\"elementor-custom-embed-image-overlay\" data-elementor-open-lightbox=\"yes\" data-elementor-lightbox=\"{&quot;type&quot;:&quot;video&quot;,&quot;videoType&quot;:&quot;youtube&quot;,&quot;url&quot;:&quot;https:\\\/\\\/www.youtube.com\\\/embed\\\/qgE7z_SxX8U?feature=oembed&amp;start&amp;end&amp;wmode=opaque&amp;loop=0&amp;controls=1&amp;mute=0&amp;rel=0&amp;cc_load_policy=0&quot;,&quot;autoplay&quot;:&quot;&quot;,&quot;modalOptions&quot;:{&quot;id&quot;:&quot;elementor-lightbox-6059428&quot;,&quot;entranceAnimation&quot;:&quot;&quot;,&quot;entranceAnimation_tablet&quot;:&quot;&quot;,&quot;entranceAnimation_mobile&quot;:&quot;&quot;,&quot;videoAspectRatio&quot;:&quot;169&quot;}}\" data-e-action-hash=\"#elementor-action%3Aaction%3Dlightbox%26settings%3DeyJ0eXBlIjoidmlkZW8iLCJ2aWRlb1R5cGUiOiJ5b3V0dWJlIiwidXJsIjoiaHR0cHM6XC9cL3d3dy55b3V0dWJlLmNvbVwvZW1iZWRcL3FnRTd6X1N4WDhVP2ZlYXR1cmU9b2VtYmVkJnN0YXJ0JmVuZCZ3bW9kZT1vcGFxdWUmbG9vcD0wJmNvbnRyb2xzPTEmbXV0ZT0wJnJlbD0wJmNjX2xvYWRfcG9saWN5PTAiLCJhdXRvcGxheSI6IiIsIm1vZGFsT3B0aW9ucyI6eyJpZCI6ImVsZW1lbnRvci1saWdodGJveC02MDU5NDI4IiwiZW50cmFuY2VBbmltYXRpb24iOiIiLCJlbnRyYW5jZUFuaW1hdGlvbl90YWJsZXQiOiIiLCJlbnRyYW5jZUFuaW1hdGlvbl9tb2JpbGUiOiIiLCJ2aWRlb0FzcGVjdFJhdGlvIjoiMTY5In19\">\n\t\t\t\t\t\t\t\t\t\t\t<img fetchpriority=\"high\" decoding=\"async\" width=\"660\" height=\"330\" src=\"https:\/\/flamencoson.com\/wp-content\/uploads\/2019\/05\/frexenetsoniamarin2.jpg\" class=\"attachment-full size-full wp-image-36408\" alt=\"\" srcset=\"https:\/\/flamencoson.com\/wp-content\/uploads\/2019\/05\/frexenetsoniamarin2.jpg 660w, https:\/\/flamencoson.com\/wp-content\/uploads\/2019\/05\/frexenetsoniamarin2-450x225.jpg 450w, https:\/\/flamencoson.com\/wp-content\/uploads\/2019\/05\/frexenetsoniamarin2-300x150.jpg 300w\" sizes=\"(max-width: 34.9rem) calc(100vw - 2rem), (max-width: 53rem) calc(8 * (100vw \/ 12)), (min-width: 53rem) calc(6 * (100vw \/ 12)), 100vw\" \/>\t\t\t\t\t\t\t\t\t\t\t\t\t\t\t\t<div class=\"elementor-custom-embed-play\" role=\"button\" aria-label=\"Play Video\" tabindex=\"0\">\n\t\t\t\t\t\t\t<svg aria-hidden=\"true\" class=\"e-font-icon-svg e-eicon-play\" viewBox=\"0 0 1000 1000\" xmlns=\"http:\/\/www.w3.org\/2000\/svg\"><path d=\"M838 162C746 71 633 25 500 25 371 25 258 71 163 162 71 254 25 367 25 500 25 633 71 746 163 837 254 929 367 979 500 979 633 979 746 933 838 837 929 746 975 633 975 500 975 367 929 254 838 162M808 192C892 279 933 379 933 500 933 621 892 725 808 808 725 892 621 938 500 938 379 938 279 896 196 808 113 725 67 621 67 500 67 379 108 279 196 192 279 108 383 62 500 62 621 62 721 108 808 192M438 392V642L642 517 438 392Z\"><\/path><\/svg>\t\t\t\t\t\t<\/div>\n\t\t\t\t\t\t\t\t\t<\/div>\n\t\t\t\t\t<\/div>\n\t\t\t\t\t\t<\/div>\n\t\t\t\t<\/div>\n\t\t\t\t<div class=\"elementor-element elementor-element-979b86b elementor-widget elementor-widget-text-editor\" data-id=\"979b86b\" data-element_type=\"widget\" data-e-type=\"widget\" data-widget_type=\"text-editor.default\">\n\t\t\t\t<div class=\"elementor-widget-container\">\n\t\t\t\t\t\t\t\t\t<p>Sonia Mar\u00edn Fern\u00e1ndez, founder and director of <a href=\"https:\/\/flamencoson.com\/en\/\" target=\"_blank\" rel=\"noopener\">Flamencoson.com<\/a>, the 1st Online Flamenco Dance School, specialized in party dances (Buler\u00edas de Jerez, Rumba Flamenca and Sevillanas Flamencas), was selected as a Freixenet bubble, to dance flamenco in the Freixenet ad of the year 2000, after passing several castings, nationwide.<\/p>\t\t\t\t\t\t\t\t<\/div>\n\t\t\t\t<\/div>\n\t\t\t\t\t<\/div>\n\t\t<\/div>\n\t\t\t\t<div class=\"elementor-column elementor-col-50 elementor-top-column elementor-element elementor-element-38c0d1f\" data-id=\"38c0d1f\" data-element_type=\"column\" data-e-type=\"column\">\n\t\t\t<div class=\"elementor-widget-wrap elementor-element-populated\">\n\t\t\t\t\t\t<div class=\"elementor-element elementor-element-55662bf elementor-widget elementor-widget-text-editor\" data-id=\"55662bf\" data-element_type=\"widget\" data-e-type=\"widget\" data-widget_type=\"text-editor.default\">\n\t\t\t\t<div class=\"elementor-widget-container\">\n\t\t\t\t\t\t\t\t\t<p>REM 2016 Award (entrepreneurial network Marbella and Campo de Gibraltar) for organizing the I Flamenco-Networking Meeting in Marbella, with the collaboration of Puente Romano Tennis Club.<\/p>\t\t\t\t\t\t\t\t<\/div>\n\t\t\t\t<\/div>\n\t\t\t\t<div class=\"elementor-element elementor-element-3ecb532 elementor-widget-divider--view-line elementor-widget elementor-widget-divider\" data-id=\"3ecb532\" data-element_type=\"widget\" data-e-type=\"widget\" data-widget_type=\"divider.default\">\n\t\t\t\t<div class=\"elementor-widget-container\">\n\t\t\t\t\t\t\t<div class=\"elementor-divider\">\n\t\t\t<span class=\"elementor-divider-separator\">\n\t\t\t\t\t\t<\/span>\n\t\t<\/div>\n\t\t\t\t\t\t<\/div>\n\t\t\t\t<\/div>\n\t\t\t\t<div class=\"elementor-element elementor-element-2f2097b elementor-widget elementor-widget-text-editor\" data-id=\"2f2097b\" data-element_type=\"widget\" data-e-type=\"widget\" data-widget_type=\"text-editor.default\">\n\t\t\t\t<div class=\"elementor-widget-container\">\n\t\t\t\t\t\t\t\t\t<p>Flamencoson: The First Flamenco Dance School Online<\/p><p>Specialized in Sevillanas Flamencas,<\/p><p>Bulerias de Jerez and Rumba Flamenca<\/p>\t\t\t\t\t\t\t\t<\/div>\n\t\t\t\t<\/div>\n\t\t\t\t<div class=\"elementor-element elementor-element-83e522e elementor-widget elementor-widget-text-editor\" data-id=\"83e522e\" data-element_type=\"widget\" data-e-type=\"widget\" data-widget_type=\"text-editor.default\">\n\t\t\t\t<div class=\"elementor-widget-container\">\n\t\t\t\t\t\t\t\t\t<p>If I have managed to launch Flamencoson.com, the 1st Flamenco Dance School Online and record my own video tutorials of Sevillanas Flamencas, Buler\u00edas de Jerez and Rumba Flamenca, it has been thanks to the continuous inspiration of the renowned mentor and expert in Advertising, Marketing and Communication, Abel Fern\u00e1ndez Benito, who years ago believed in this project and thanks to all the people who are part of this dream, always accompanying me &#8230;flamencamente!<\/p>\t\t\t\t\t\t\t\t<\/div>\n\t\t\t\t<\/div>\n\t\t\t\t\t<\/div>\n\t\t<\/div>\n\t\t\t\t\t<\/div>\n\t\t<\/section>\n\t\t\t\t<\/div>\n\t\t","protected":false},"excerpt":{"rendered":"<p>Acknowledgments Sonia Mar\u00edn, nationally selected to dance flamenco in the 2000 Freixenet advertisement. https:\/\/youtu.be\/qgE7z_SxX8U Sonia Mar\u00edn Fern\u00e1ndez, founder and director of Flamencoson.com, the 1st Online Flamenco Dance School, specialized in party dances (Buler\u00edas de Jerez, Rumba Flamenca and Sevillanas Flamencas), was selected as a Freixenet bubble, to dance flamenco in the Freixenet ad of the &hellip; <\/p>\n<p class=\"link-more\"><a href=\"https:\/\/flamencoson.com\/en\/acknowledgments\/\" class=\"more-link\">Continue reading<span class=\"screen-reader-text\"> &#8220;Acknowledgments&#8221;<\/span><\/a><\/p>\n","protected":false},"author":1,"featured_media":0,"parent":0,"menu_order":0,"comment_status":"closed","ping_status":"closed","template":"elementor_header_footer","meta":{"footnotes":""},"class_list":["post-36404","page","type-page","status-publish","hentry","entry"],"yoast_head":"<!-- This site is optimized with the Yoast SEO plugin v27.4 - https:\/\/yoast.com\/product\/yoast-seo-wordpress\/ -->\n<title>Acknowledgments - Flamencoson<\/title>\n<meta name=\"robots\" content=\"index, follow, max-snippet:-1, max-image-preview:large, max-video-preview:-1\" \/>\n<link rel=\"canonical\" href=\"https:\/\/flamencoson.com\/en\/acknowledgments\/\" \/>\n<meta property=\"og:locale\" content=\"en_US\" \/>\n<meta property=\"og:type\" content=\"article\" \/>\n<meta property=\"og:title\" content=\"Acknowledgments - Flamencoson\" \/>\n<meta property=\"og:description\" content=\"Acknowledgments Sonia Mar\u00edn, nationally selected to dance flamenco in the 2000 Freixenet advertisement. https:\/\/youtu.be\/qgE7z_SxX8U Sonia Mar\u00edn Fern\u00e1ndez, founder and director of Flamencoson.com, the 1st Online Flamenco Dance School, specialized in party dances (Buler\u00edas de Jerez, Rumba Flamenca and Sevillanas Flamencas), was selected as a Freixenet bubble, to dance flamenco in the Freixenet ad of the &hellip; Continue reading &quot;Acknowledgments&quot;\" \/>\n<meta property=\"og:url\" content=\"https:\/\/flamencoson.com\/en\/acknowledgments\/\" \/>\n<meta property=\"og:site_name\" content=\"Flamencoson\" \/>\n<meta property=\"article:publisher\" content=\"https:\/\/www.facebook.com\/flamencoson\/\" \/>\n<meta property=\"article:modified_time\" content=\"2026-04-27T11:21:08+00:00\" \/>\n<meta name=\"twitter:card\" content=\"summary_large_image\" \/>\n<meta name=\"twitter:site\" content=\"@flamencoson\" \/>\n<meta name=\"twitter:label1\" content=\"Est. reading time\" \/>\n\t<meta name=\"twitter:data1\" content=\"1 minute\" \/>\n<script type=\"application\/ld+json\" class=\"yoast-schema-graph\">{\"@context\":\"https:\\\/\\\/schema.org\",\"@graph\":[{\"@type\":\"WebPage\",\"@id\":\"https:\\\/\\\/flamencoson.com\\\/en\\\/acknowledgments\\\/\",\"url\":\"https:\\\/\\\/flamencoson.com\\\/en\\\/acknowledgments\\\/\",\"name\":\"Acknowledgments - Flamencoson\",\"isPartOf\":{\"@id\":\"https:\\\/\\\/flamencoson.com\\\/en\\\/#website\"},\"datePublished\":\"2026-04-27T11:21:06+00:00\",\"dateModified\":\"2026-04-27T11:21:08+00:00\",\"breadcrumb\":{\"@id\":\"https:\\\/\\\/flamencoson.com\\\/en\\\/acknowledgments\\\/#breadcrumb\"},\"inLanguage\":\"en-US\",\"potentialAction\":[{\"@type\":\"ReadAction\",\"target\":[\"https:\\\/\\\/flamencoson.com\\\/en\\\/acknowledgments\\\/\"]}]},{\"@type\":\"BreadcrumbList\",\"@id\":\"https:\\\/\\\/flamencoson.com\\\/en\\\/acknowledgments\\\/#breadcrumb\",\"itemListElement\":[{\"@type\":\"ListItem\",\"position\":1,\"name\":\"Portada\",\"item\":\"https:\\\/\\\/flamencoson.com\\\/en\\\/\"},{\"@type\":\"ListItem\",\"position\":2,\"name\":\"Acknowledgments\"}]},{\"@type\":\"WebSite\",\"@id\":\"https:\\\/\\\/flamencoson.com\\\/en\\\/#website\",\"url\":\"https:\\\/\\\/flamencoson.com\\\/en\\\/\",\"name\":\"Flamencoson\",\"description\":\"Clases de baile flamenco online y presenciales\",\"publisher\":{\"@id\":\"https:\\\/\\\/flamencoson.com\\\/en\\\/#organization\"},\"potentialAction\":[{\"@type\":\"SearchAction\",\"target\":{\"@type\":\"EntryPoint\",\"urlTemplate\":\"https:\\\/\\\/flamencoson.com\\\/en\\\/?s={search_term_string}\"},\"query-input\":{\"@type\":\"PropertyValueSpecification\",\"valueRequired\":true,\"valueName\":\"search_term_string\"}}],\"inLanguage\":\"en-US\"},{\"@type\":\"Organization\",\"@id\":\"https:\\\/\\\/flamencoson.com\\\/en\\\/#organization\",\"name\":\"Flamencoson\",\"url\":\"https:\\\/\\\/flamencoson.com\\\/en\\\/\",\"logo\":{\"@type\":\"ImageObject\",\"inLanguage\":\"en-US\",\"@id\":\"https:\\\/\\\/flamencoson.com\\\/en\\\/#\\\/schema\\\/logo\\\/image\\\/\",\"url\":\"https:\\\/\\\/flamencoson.com\\\/wp-content\\\/uploads\\\/2020\\\/04\\\/cursos-de-flamenco-online-logo-flamencoson.jpg\",\"contentUrl\":\"https:\\\/\\\/flamencoson.com\\\/wp-content\\\/uploads\\\/2020\\\/04\\\/cursos-de-flamenco-online-logo-flamencoson.jpg\",\"width\":768,\"height\":1299,\"caption\":\"Flamencoson\"},\"image\":{\"@id\":\"https:\\\/\\\/flamencoson.com\\\/en\\\/#\\\/schema\\\/logo\\\/image\\\/\"},\"sameAs\":[\"https:\\\/\\\/www.facebook.com\\\/flamencoson\\\/\",\"https:\\\/\\\/x.com\\\/flamencoson\",\"https:\\\/\\\/www.instagram.com\\\/flamencoson\\\/channel\\\/\",\"https:\\\/\\\/www.linkedin.com\\\/company\\\/flamencoson\",\"https:\\\/\\\/www.youtube.com\\\/Flamencoson\\\/?sub_confirmation=1\",\"https:\\\/\\\/es.wikipedia.org\\\/wiki\\\/Archivo:Sonia_Mar\u00edn_Fern\u00e1ndez_Flamencoson.jpg\"]}]}<\/script>\n<!-- \/ Yoast SEO plugin. -->","yoast_head_json":{"title":"Acknowledgments - Flamencoson","robots":{"index":"index","follow":"follow","max-snippet":"max-snippet:-1","max-image-preview":"max-image-preview:large","max-video-preview":"max-video-preview:-1"},"canonical":"https:\/\/flamencoson.com\/en\/acknowledgments\/","og_locale":"en_US","og_type":"article","og_title":"Acknowledgments - Flamencoson","og_description":"Acknowledgments Sonia Mar\u00edn, nationally selected to dance flamenco in the 2000 Freixenet advertisement. https:\/\/youtu.be\/qgE7z_SxX8U Sonia Mar\u00edn Fern\u00e1ndez, founder and director of Flamencoson.com, the 1st Online Flamenco Dance School, specialized in party dances (Buler\u00edas de Jerez, Rumba Flamenca and Sevillanas Flamencas), was selected as a Freixenet bubble, to dance flamenco in the Freixenet ad of the &hellip; Continue reading \"Acknowledgments\"","og_url":"https:\/\/flamencoson.com\/en\/acknowledgments\/","og_site_name":"Flamencoson","article_publisher":"https:\/\/www.facebook.com\/flamencoson\/","article_modified_time":"2026-04-27T11:21:08+00:00","twitter_card":"summary_large_image","twitter_site":"@flamencoson","twitter_misc":{"Est. reading time":"1 minute"},"schema":{"@context":"https:\/\/schema.org","@graph":[{"@type":"WebPage","@id":"https:\/\/flamencoson.com\/en\/acknowledgments\/","url":"https:\/\/flamencoson.com\/en\/acknowledgments\/","name":"Acknowledgments - Flamencoson","isPartOf":{"@id":"https:\/\/flamencoson.com\/en\/#website"},"datePublished":"2026-04-27T11:21:06+00:00","dateModified":"2026-04-27T11:21:08+00:00","breadcrumb":{"@id":"https:\/\/flamencoson.com\/en\/acknowledgments\/#breadcrumb"},"inLanguage":"en-US","potentialAction":[{"@type":"ReadAction","target":["https:\/\/flamencoson.com\/en\/acknowledgments\/"]}]},{"@type":"BreadcrumbList","@id":"https:\/\/flamencoson.com\/en\/acknowledgments\/#breadcrumb","itemListElement":[{"@type":"ListItem","position":1,"name":"Portada","item":"https:\/\/flamencoson.com\/en\/"},{"@type":"ListItem","position":2,"name":"Acknowledgments"}]},{"@type":"WebSite","@id":"https:\/\/flamencoson.com\/en\/#website","url":"https:\/\/flamencoson.com\/en\/","name":"Flamencoson","description":"Clases de baile flamenco online y presenciales","publisher":{"@id":"https:\/\/flamencoson.com\/en\/#organization"},"potentialAction":[{"@type":"SearchAction","target":{"@type":"EntryPoint","urlTemplate":"https:\/\/flamencoson.com\/en\/?s={search_term_string}"},"query-input":{"@type":"PropertyValueSpecification","valueRequired":true,"valueName":"search_term_string"}}],"inLanguage":"en-US"},{"@type":"Organization","@id":"https:\/\/flamencoson.com\/en\/#organization","name":"Flamencoson","url":"https:\/\/flamencoson.com\/en\/","logo":{"@type":"ImageObject","inLanguage":"en-US","@id":"https:\/\/flamencoson.com\/en\/#\/schema\/logo\/image\/","url":"https:\/\/flamencoson.com\/wp-content\/uploads\/2020\/04\/cursos-de-flamenco-online-logo-flamencoson.jpg","contentUrl":"https:\/\/flamencoson.com\/wp-content\/uploads\/2020\/04\/cursos-de-flamenco-online-logo-flamencoson.jpg","width":768,"height":1299,"caption":"Flamencoson"},"image":{"@id":"https:\/\/flamencoson.com\/en\/#\/schema\/logo\/image\/"},"sameAs":["https:\/\/www.facebook.com\/flamencoson\/","https:\/\/x.com\/flamencoson","https:\/\/www.instagram.com\/flamencoson\/channel\/","https:\/\/www.linkedin.com\/company\/flamencoson","https:\/\/www.youtube.com\/Flamencoson\/?sub_confirmation=1","https:\/\/es.wikipedia.org\/wiki\/Archivo:Sonia_Mar\u00edn_Fern\u00e1ndez_Flamencoson.jpg"]}]}},"_links":{"self":[{"href":"https:\/\/flamencoson.com\/en\/wp-json\/wp\/v2\/pages\/36404","targetHints":{"allow":["GET"]}}],"collection":[{"href":"https:\/\/flamencoson.com\/en\/wp-json\/wp\/v2\/pages"}],"about":[{"href":"https:\/\/flamencoson.com\/en\/wp-json\/wp\/v2\/types\/page"}],"author":[{"embeddable":true,"href":"https:\/\/flamencoson.com\/en\/wp-json\/wp\/v2\/users\/1"}],"replies":[{"embeddable":true,"href":"https:\/\/flamencoson.com\/en\/wp-json\/wp\/v2\/comments?post=36404"}],"version-history":[{"count":2,"href":"https:\/\/flamencoson.com\/en\/wp-json\/wp\/v2\/pages\/36404\/revisions"}],"predecessor-version":[{"id":36415,"href":"https:\/\/flamencoson.com\/en\/wp-json\/wp\/v2\/pages\/36404\/revisions\/36415"}],"wp:attachment":[{"href":"https:\/\/flamencoson.com\/en\/wp-json\/wp\/v2\/media?parent=36404"}],"curies":[{"name":"wp","href":"https:\/\/api.w.org\/{rel}","templated":true}]}}