{"id":36451,"date":"2026-04-27T13:21:16","date_gmt":"2026-04-27T11:21:16","guid":{"rendered":"https:\/\/flamencoson.com\/sevillanas-flamencas\/"},"modified":"2026-04-27T13:21:18","modified_gmt":"2026-04-27T11:21:18","slug":"sevillanas-flamencas","status":"publish","type":"page","link":"https:\/\/flamencoson.com\/en\/sevillanas-flamencas\/","title":{"rendered":"Sevillanas Flamencas"},"content":{"rendered":"\t\t<div data-elementor-type=\"wp-page\" data-elementor-id=\"36451\" class=\"elementor elementor-36451 elementor-25484\" data-elementor-post-type=\"page\">\n\t\t\t\t\t\t<section class=\"elementor-section elementor-top-section elementor-element elementor-element-5e09bdfe elementor-section-boxed elementor-section-height-default elementor-section-height-default\" data-id=\"5e09bdfe\" data-element_type=\"section\" data-e-type=\"section\" data-settings=\"{&quot;background_background&quot;:&quot;gradient&quot;}\">\n\t\t\t\t\t\t\t<div class=\"elementor-background-overlay\"><\/div>\n\t\t\t\t\t\t\t<div class=\"elementor-container elementor-column-gap-default\">\n\t\t\t\t\t<div class=\"elementor-column elementor-col-100 elementor-top-column elementor-element elementor-element-5295ef8\" data-id=\"5295ef8\" data-element_type=\"column\" data-e-type=\"column\">\n\t\t\t<div class=\"elementor-widget-wrap elementor-element-populated\">\n\t\t\t\t\t\t<div class=\"elementor-element elementor-element-ec5aac9 elementor-widget elementor-widget-heading\" data-id=\"ec5aac9\" data-element_type=\"widget\" data-e-type=\"widget\" data-widget_type=\"heading.default\">\n\t\t\t\t<div class=\"elementor-widget-container\">\n\t\t\t\t\t<h1 class=\"elementor-heading-title elementor-size-default\">SEVILLANAS FLAMENCAS STEP BY STEP COURSE<\/h1>\t\t\t\t<\/div>\n\t\t\t\t<\/div>\n\t\t\t\t<div class=\"elementor-element elementor-element-3244702c elementor-widget elementor-widget-heading\" data-id=\"3244702c\" data-element_type=\"widget\" data-e-type=\"widget\" data-widget_type=\"heading.default\">\n\t\t\t\t<div class=\"elementor-widget-container\">\n\t\t\t\t\t<h2 class=\"elementor-heading-title elementor-size-default\">ONLINE FLAMENCO DANCE LESSONS FOR BEGINNERS<\/h2>\t\t\t\t<\/div>\n\t\t\t\t<\/div>\n\t\t\t\t\t<\/div>\n\t\t<\/div>\n\t\t\t\t\t<\/div>\n\t\t<\/section>\n\t\t<div class=\"elementor-element elementor-element-0692ab6 e-flex e-con-boxed e-con e-parent\" data-id=\"0692ab6\" data-element_type=\"container\" data-e-type=\"container\">\n\t\t\t\t\t<div class=\"e-con-inner\">\n\t\t\t\t<div class=\"elementor-element elementor-element-4bf820e elementor-widget elementor-widget-video\" data-id=\"4bf820e\" data-element_type=\"widget\" data-e-type=\"widget\" data-settings=\"{&quot;video_type&quot;:&quot;vimeo&quot;,&quot;show_image_overlay&quot;:&quot;yes&quot;,&quot;image_overlay&quot;:{&quot;url&quot;:&quot;https:\\\/\\\/flamencoson.com\\\/wp-content\\\/uploads\\\/2025\\\/03\\\/clases_de_sevillanas_en_marbella.png&quot;,&quot;id&quot;:36236,&quot;size&quot;:&quot;&quot;,&quot;alt&quot;:&quot;&quot;,&quot;source&quot;:&quot;library&quot;}}\" data-widget_type=\"video.default\">\n\t\t\t\t<div class=\"elementor-widget-container\">\n\t\t\t\t\t\t\t<div class=\"elementor-wrapper elementor-open-inline\">\n\t\t\t<iframe class=\"elementor-video-iframe\" allowfullscreen allow=\"clipboard-write\" title=\"vimeo Video Player\" src=\"https:\/\/player.vimeo.com\/video\/717013300?color&amp;autopause=0&amp;loop=0&amp;muted=0&amp;title=1&amp;portrait=1&amp;byline=1#t=\"><\/iframe>\t\t\t\t<div class=\"elementor-custom-embed-image-overlay\" style=\"background-image: url(https:\/\/flamencoson.com\/wp-content\/uploads\/2025\/03\/clases_de_sevillanas_en_marbella.png);\">\n\t\t\t\t\t\t\t\t\t\t\t\t\t\t\t\t<div class=\"elementor-custom-embed-play\" role=\"button\" aria-label=\"Play Video\" tabindex=\"0\">\n\t\t\t\t\t\t\t<svg aria-hidden=\"true\" class=\"e-font-icon-svg e-eicon-play\" viewBox=\"0 0 1000 1000\" xmlns=\"http:\/\/www.w3.org\/2000\/svg\"><path d=\"M838 162C746 71 633 25 500 25 371 25 258 71 163 162 71 254 25 367 25 500 25 633 71 746 163 837 254 929 367 979 500 979 633 979 746 933 838 837 929 746 975 633 975 500 975 367 929 254 838 162M808 192C892 279 933 379 933 500 933 621 892 725 808 808 725 892 621 938 500 938 379 938 279 896 196 808 113 725 67 621 67 500 67 379 108 279 196 192 279 108 383 62 500 62 621 62 721 108 808 192M438 392V642L642 517 438 392Z\"><\/path><\/svg>\t\t\t\t\t\t<\/div>\n\t\t\t\t\t\t\t\t\t<\/div>\n\t\t\t\t\t<\/div>\n\t\t\t\t\t\t<\/div>\n\t\t\t\t<\/div>\n\t\t\t\t\t<\/div>\n\t\t\t\t<\/div>\n\t\t\t\t<section class=\"elementor-section elementor-top-section elementor-element elementor-element-43529714 elementor-section-boxed elementor-section-height-default elementor-section-height-default\" data-id=\"43529714\" data-element_type=\"section\" data-e-type=\"section\" data-settings=\"{&quot;background_background&quot;:&quot;classic&quot;}\">\n\t\t\t\t\t\t<div class=\"elementor-container elementor-column-gap-default\">\n\t\t\t\t\t<div class=\"elementor-column elementor-col-100 elementor-top-column elementor-element elementor-element-5922e2ff\" data-id=\"5922e2ff\" data-element_type=\"column\" data-e-type=\"column\" data-settings=\"{&quot;background_background&quot;:&quot;classic&quot;}\">\n\t\t\t<div class=\"elementor-widget-wrap elementor-element-populated\">\n\t\t\t\t\t\t<div class=\"elementor-element elementor-element-a30506e elementor-widget-divider--view-line elementor-widget elementor-widget-divider\" data-id=\"a30506e\" data-element_type=\"widget\" data-e-type=\"widget\" data-widget_type=\"divider.default\">\n\t\t\t\t<div class=\"elementor-widget-container\">\n\t\t\t\t\t\t\t<div class=\"elementor-divider\">\n\t\t\t<span class=\"elementor-divider-separator\">\n\t\t\t\t\t\t<\/span>\n\t\t<\/div>\n\t\t\t\t\t\t<\/div>\n\t\t\t\t<\/div>\n\t\t\t\t<div class=\"elementor-element elementor-element-740c326 elementor-headline--style-highlight elementor-widget elementor-widget-animated-headline\" data-id=\"740c326\" data-element_type=\"widget\" data-e-type=\"widget\" data-settings=\"{&quot;highlighted_text&quot;:&quot;FREE&quot;,&quot;headline_style&quot;:&quot;highlight&quot;,&quot;marker&quot;:&quot;circle&quot;,&quot;loop&quot;:&quot;yes&quot;,&quot;highlight_animation_duration&quot;:1200,&quot;highlight_iteration_delay&quot;:8000}\" data-widget_type=\"animated-headline.default\">\n\t\t\t\t<div class=\"elementor-widget-container\">\n\t\t\t\t\t\t\t\t<a href=\"https:\/\/sonia-marin.thrivecart.com\/aprender-sevillanas-flamencas-online\/\">\n\n\t\t\t\t\t<h3 class=\"elementor-headline\">\n\t\t\t\t\t<span class=\"elementor-headline-plain-text elementor-headline-text-wrapper\">Test 3 DAYS<\/span>\n\t\t\t\t<span class=\"elementor-headline-dynamic-wrapper elementor-headline-text-wrapper\">\n\t\t\t\t\t<span class=\"elementor-headline-dynamic-text elementor-headline-text-active\">FREE<\/span>\n\t\t\t\t<\/span>\n\t\t\t\t<\/h3>\n\t\t<\/a>\t\t\t\t<\/div>\n\t\t\t\t<\/div>\n\t\t\t\t<div class=\"elementor-element elementor-element-2f56111 elementor-widget elementor-widget-text-editor\" data-id=\"2f56111\" data-element_type=\"widget\" data-e-type=\"widget\" data-widget_type=\"text-editor.default\">\n\t\t\t\t<div class=\"elementor-widget-container\">\n\t\t\t\t\t\t\t\t\t<h2 data-path-to-node=\"3\"><b data-path-to-node=\"3\" data-index-in-node=\"0\">\u00a1Empieza hoy mismo sin compromiso!<\/b><\/h2><p data-path-to-node=\"4\">\ud83d\udc83 <b data-path-to-node=\"4\" data-index-in-node=\"3\">\u00bfDudas con alg\u00fan paso? No estar\u00e1s sola.<\/b> Al suscribirte, desbloqueas mi <b data-path-to-node=\"4\" data-index-in-node=\"74\">soporte personal por WhatsApp<\/b>. Podr\u00e1s enviarme tus v\u00eddeos y yo te guiar\u00e9 paso a paso para que tu rumba tenga ese arte que buscas.<\/p><p data-path-to-node=\"5\">\ud83c\udf0d <b data-path-to-node=\"5\" data-index-in-node=\"3\">Acceso inmediato y sin sorpresas.<\/b> Prueba el curso de Rumba Flamenca durante <b data-path-to-node=\"5\" data-index-in-node=\"79\">3 d\u00edas gratis<\/b>. Al introducir tus datos, el sistema calcular\u00e1 autom\u00e1ticamente el IVA seg\u00fan tu pa\u00eds antes de confirmar.<\/p><p data-path-to-node=\"6\">\u2728 <b data-path-to-node=\"6\" data-index-in-node=\"2\">Pru\u00e9balo gratis y decide despu\u00e9s.<\/b> Tienes 3 d\u00edas de acceso total para ver las clases de tu curso online por dentro. Si no es lo que esperabas, cancelas con un solo clic y no se te cobrar\u00e1 nada. <b data-path-to-node=\"6\" data-index-in-node=\"185\">\u00a1As\u00ed de f\u00e1cil!<\/b><\/p>\t\t\t\t\t\t\t\t<\/div>\n\t\t\t\t<\/div>\n\t\t\t\t<div class=\"elementor-element elementor-element-19c1726 elementor-widget elementor-widget-html\" data-id=\"19c1726\" data-element_type=\"widget\" data-e-type=\"widget\" data-widget_type=\"html.default\">\n\t\t\t\t<div class=\"elementor-widget-container\">\n\t\t\t\t\t<div data-thrivecart-account=\"sonia-marin\" data-thrivecart-tpl=\"v2\" data-thrivecart-product=\"3\" class=\"thrivecart-embeddable\" data-thrivecart-embeddable=\"tc-sonia-marin-3-UAR2LT\"><\/div><script async=\"\" src=\"\/\/tinder.thrivecart.com\/embed\/v1\/thrivecart.js\" id=\"tc-sonia-marin-3-UAR2LT\"><\/script>\t\t\t\t<\/div>\n\t\t\t\t<\/div>\n\t\t\t\t<div class=\"elementor-element elementor-element-f2f8fcc elementor-widget elementor-widget-text-editor\" data-id=\"f2f8fcc\" data-element_type=\"widget\" data-e-type=\"widget\" data-widget_type=\"text-editor.default\">\n\t\t\t\t<div class=\"elementor-widget-container\">\n\t\t\t\t\t\t\t\t\t<div class=\"elementor-element elementor-element-52836ea elementor-widget elementor-widget-text-editor\" data-id=\"52836ea\" data-element_type=\"widget\" data-e-type=\"widget\" data-widget_type=\"text-editor.default\"><div class=\"elementor-widget-container\"><p style=\"text-align: center;\">\u00bfTienes alguna duda t\u00e9cnica antes de apuntarte?\u00a0<\/p><\/div><\/div>\t\t\t\t\t\t\t\t<\/div>\n\t\t\t\t<\/div>\n\t\t\t\t<div class=\"elementor-element elementor-element-62c274e elementor-align-center elementor-widget elementor-widget-button\" data-id=\"62c274e\" data-element_type=\"widget\" data-e-type=\"widget\" data-widget_type=\"button.default\">\n\t\t\t\t<div class=\"elementor-widget-container\">\n\t\t\t\t\t\t\t\t\t<div class=\"elementor-button-wrapper\">\n\t\t\t\t\t<a class=\"elementor-button elementor-button-link elementor-size-sm\" href=\"https:\/\/wa.me\/34XXXXXXXXX?text=Hola%20Sonia!%20Tengo%20algunas%20dudas%20sobre%20el%20curso%20online%20de%20Sevillanas%20Flamencas%20y%20me%20gustar%C3%ADa%20que%20me%20ayudaras.\">\n\t\t\t\t\t\t<span class=\"elementor-button-content-wrapper\">\n\t\t\t\t\t\t<span class=\"elementor-button-icon\">\n\t\t\t\t<svg aria-hidden=\"true\" class=\"e-font-icon-svg e-fab-whatsapp\" viewBox=\"0 0 448 512\" xmlns=\"http:\/\/www.w3.org\/2000\/svg\"><path d=\"M380.9 97.1C339 55.1 283.2 32 223.9 32c-122.4 0-222 99.6-222 222 0 39.1 10.2 77.3 29.6 111L0 480l117.7-30.9c32.4 17.7 68.9 27 106.1 27h.1c122.3 0 224.1-99.6 224.1-222 0-59.3-25.2-115-67.1-157zm-157 341.6c-33.2 0-65.7-8.9-94-25.7l-6.7-4-69.8 18.3L72 359.2l-4.4-7c-18.5-29.4-28.2-63.3-28.2-98.2 0-101.7 82.8-184.5 184.6-184.5 49.3 0 95.6 19.2 130.4 54.1 34.8 34.9 56.2 81.2 56.1 130.5 0 101.8-84.9 184.6-186.6 184.6zm101.2-138.2c-5.5-2.8-32.8-16.2-37.9-18-5.1-1.9-8.8-2.8-12.5 2.8-3.7 5.6-14.3 18-17.6 21.8-3.2 3.7-6.5 4.2-12 1.4-32.6-16.3-54-29.1-75.5-66-5.7-9.8 5.7-9.1 16.3-30.3 1.8-3.7.9-6.9-.5-9.7-1.4-2.8-12.5-30.1-17.1-41.2-4.5-10.8-9.1-9.3-12.5-9.5-3.2-.2-6.9-.2-10.6-.2-3.7 0-9.7 1.4-14.8 6.9-5.1 5.6-19.4 19-19.4 46.3 0 27.3 19.9 53.7 22.6 57.4 2.8 3.7 39.1 59.7 94.8 83.8 35.2 15.2 49 16.5 66.6 13.9 10.7-1.6 32.8-13.4 37.4-26.4 4.6-13 4.6-24.1 3.2-26.4-1.3-2.5-5-3.9-10.5-6.6z\"><\/path><\/svg>\t\t\t<\/span>\n\t\t\t\t\t\t\t\t\t<span class=\"elementor-button-text\">Preg\u00fantame por Whatsapp<\/span>\n\t\t\t\t\t<\/span>\n\t\t\t\t\t<\/a>\n\t\t\t\t<\/div>\n\t\t\t\t\t\t\t\t<\/div>\n\t\t\t\t<\/div>\n\t\t\t\t<div class=\"elementor-element elementor-element-7bf1763 elementor-widget elementor-widget-text-editor\" data-id=\"7bf1763\" data-element_type=\"widget\" data-e-type=\"widget\" data-widget_type=\"text-editor.default\">\n\t\t\t\t<div class=\"elementor-widget-container\">\n\t\t\t\t\t\t\t\t\t<p style=\"text-align: center;\">\ud83d\udccbConsultar aqu\u00ed <strong><a href=\"https:\/\/flamencoson.com\/cursos\/aprender-sevillanas-flamencas-online\/\">aqu\u00ed<\/a>\u00a0<\/strong>el \u00edndice de contenido del curso<\/p>\t\t\t\t\t\t\t\t<\/div>\n\t\t\t\t<\/div>\n\t\t\t\t\t<\/div>\n\t\t<\/div>\n\t\t\t\t\t<\/div>\n\t\t<\/section>\n\t\t\t\t<\/div>\n\t\t","protected":false},"excerpt":{"rendered":"<p>SEVILLANAS FLAMENCAS STEP BY STEP COURSE ONLINE FLAMENCO DANCE LESSONS FOR BEGINNERS Test 3 DAYS FREE \u00a1Empieza hoy mismo sin compromiso! &#x1f483; \u00bfDudas con alg\u00fan paso? No estar\u00e1s sola. Al suscribirte, desbloqueas mi soporte personal por WhatsApp. Podr\u00e1s enviarme tus v\u00eddeos y yo te guiar\u00e9 paso a paso para que tu rumba tenga ese arte &hellip; <\/p>\n<p class=\"link-more\"><a href=\"https:\/\/flamencoson.com\/en\/sevillanas-flamencas\/\" class=\"more-link\">Continue reading<span class=\"screen-reader-text\"> &#8220;Sevillanas Flamencas&#8221;<\/span><\/a><\/p>\n","protected":false},"author":1,"featured_media":0,"parent":0,"menu_order":0,"comment_status":"closed","ping_status":"closed","template":"elementor_header_footer","meta":{"footnotes":""},"class_list":["post-36451","page","type-page","status-publish","hentry","entry"],"yoast_head":"<!-- This site is optimized with the Yoast SEO plugin v27.4 - https:\/\/yoast.com\/product\/yoast-seo-wordpress\/ -->\n<title>Sevillanas Flamencas - Flamencoson<\/title>\n<meta name=\"description\" content=\"Sign up for the Sevillanas Flamencas courses with which you will learn in a simple way and in which you will advance at your own pace.\" \/>\n<meta name=\"robots\" content=\"index, follow, max-snippet:-1, max-image-preview:large, max-video-preview:-1\" \/>\n<link rel=\"canonical\" href=\"https:\/\/flamencoson.com\/en\/sevillanas-flamencas\/\" \/>\n<meta property=\"og:locale\" content=\"en_US\" \/>\n<meta property=\"og:type\" content=\"article\" \/>\n<meta property=\"og:title\" content=\"Sevillanas Flamencas - Flamencoson\" \/>\n<meta property=\"og:description\" content=\"Sign up for the Sevillanas Flamencas courses with which you will learn in a simple way and in which you will advance at your own pace.\" \/>\n<meta property=\"og:url\" content=\"https:\/\/flamencoson.com\/en\/sevillanas-flamencas\/\" \/>\n<meta property=\"og:site_name\" content=\"Flamencoson\" \/>\n<meta property=\"article:publisher\" content=\"https:\/\/www.facebook.com\/flamencoson\/\" \/>\n<meta property=\"article:modified_time\" content=\"2026-04-27T11:21:18+00:00\" \/>\n<meta name=\"twitter:card\" content=\"summary_large_image\" \/>\n<meta name=\"twitter:site\" content=\"@flamencoson\" \/>\n<meta name=\"twitter:label1\" content=\"Est. reading time\" \/>\n\t<meta name=\"twitter:data1\" content=\"1 minute\" \/>\n<script type=\"application\/ld+json\" class=\"yoast-schema-graph\">{\"@context\":\"https:\\\/\\\/schema.org\",\"@graph\":[{\"@type\":\"WebPage\",\"@id\":\"https:\\\/\\\/flamencoson.com\\\/en\\\/sevillanas-flamencas\\\/\",\"url\":\"https:\\\/\\\/flamencoson.com\\\/en\\\/sevillanas-flamencas\\\/\",\"name\":\"Sevillanas Flamencas - Flamencoson\",\"isPartOf\":{\"@id\":\"https:\\\/\\\/flamencoson.com\\\/en\\\/#website\"},\"datePublished\":\"2026-04-27T11:21:16+00:00\",\"dateModified\":\"2026-04-27T11:21:18+00:00\",\"description\":\"Sign up for the Sevillanas Flamencas courses with which you will learn in a simple way and in which you will advance at your own pace.\",\"breadcrumb\":{\"@id\":\"https:\\\/\\\/flamencoson.com\\\/en\\\/sevillanas-flamencas\\\/#breadcrumb\"},\"inLanguage\":\"en-US\",\"potentialAction\":[{\"@type\":\"ReadAction\",\"target\":[\"https:\\\/\\\/flamencoson.com\\\/en\\\/sevillanas-flamencas\\\/\"]}]},{\"@type\":\"BreadcrumbList\",\"@id\":\"https:\\\/\\\/flamencoson.com\\\/en\\\/sevillanas-flamencas\\\/#breadcrumb\",\"itemListElement\":[{\"@type\":\"ListItem\",\"position\":1,\"name\":\"Portada\",\"item\":\"https:\\\/\\\/flamencoson.com\\\/en\\\/\"},{\"@type\":\"ListItem\",\"position\":2,\"name\":\"Sevillanas Flamencas\"}]},{\"@type\":\"WebSite\",\"@id\":\"https:\\\/\\\/flamencoson.com\\\/en\\\/#website\",\"url\":\"https:\\\/\\\/flamencoson.com\\\/en\\\/\",\"name\":\"Flamencoson\",\"description\":\"Clases de baile flamenco online y presenciales\",\"publisher\":{\"@id\":\"https:\\\/\\\/flamencoson.com\\\/en\\\/#organization\"},\"potentialAction\":[{\"@type\":\"SearchAction\",\"target\":{\"@type\":\"EntryPoint\",\"urlTemplate\":\"https:\\\/\\\/flamencoson.com\\\/en\\\/?s={search_term_string}\"},\"query-input\":{\"@type\":\"PropertyValueSpecification\",\"valueRequired\":true,\"valueName\":\"search_term_string\"}}],\"inLanguage\":\"en-US\"},{\"@type\":\"Organization\",\"@id\":\"https:\\\/\\\/flamencoson.com\\\/en\\\/#organization\",\"name\":\"Flamencoson\",\"url\":\"https:\\\/\\\/flamencoson.com\\\/en\\\/\",\"logo\":{\"@type\":\"ImageObject\",\"inLanguage\":\"en-US\",\"@id\":\"https:\\\/\\\/flamencoson.com\\\/en\\\/#\\\/schema\\\/logo\\\/image\\\/\",\"url\":\"https:\\\/\\\/flamencoson.com\\\/wp-content\\\/uploads\\\/2020\\\/04\\\/cursos-de-flamenco-online-logo-flamencoson.jpg\",\"contentUrl\":\"https:\\\/\\\/flamencoson.com\\\/wp-content\\\/uploads\\\/2020\\\/04\\\/cursos-de-flamenco-online-logo-flamencoson.jpg\",\"width\":768,\"height\":1299,\"caption\":\"Flamencoson\"},\"image\":{\"@id\":\"https:\\\/\\\/flamencoson.com\\\/en\\\/#\\\/schema\\\/logo\\\/image\\\/\"},\"sameAs\":[\"https:\\\/\\\/www.facebook.com\\\/flamencoson\\\/\",\"https:\\\/\\\/x.com\\\/flamencoson\",\"https:\\\/\\\/www.instagram.com\\\/flamencoson\\\/channel\\\/\",\"https:\\\/\\\/www.linkedin.com\\\/company\\\/flamencoson\",\"https:\\\/\\\/www.youtube.com\\\/Flamencoson\\\/?sub_confirmation=1\",\"https:\\\/\\\/es.wikipedia.org\\\/wiki\\\/Archivo:Sonia_Mar\u00edn_Fern\u00e1ndez_Flamencoson.jpg\"]}]}<\/script>\n<!-- \/ Yoast SEO plugin. -->","yoast_head_json":{"title":"Sevillanas Flamencas - Flamencoson","description":"Sign up for the Sevillanas Flamencas courses with which you will learn in a simple way and in which you will advance at your own pace.","robots":{"index":"index","follow":"follow","max-snippet":"max-snippet:-1","max-image-preview":"max-image-preview:large","max-video-preview":"max-video-preview:-1"},"canonical":"https:\/\/flamencoson.com\/en\/sevillanas-flamencas\/","og_locale":"en_US","og_type":"article","og_title":"Sevillanas Flamencas - Flamencoson","og_description":"Sign up for the Sevillanas Flamencas courses with which you will learn in a simple way and in which you will advance at your own pace.","og_url":"https:\/\/flamencoson.com\/en\/sevillanas-flamencas\/","og_site_name":"Flamencoson","article_publisher":"https:\/\/www.facebook.com\/flamencoson\/","article_modified_time":"2026-04-27T11:21:18+00:00","twitter_card":"summary_large_image","twitter_site":"@flamencoson","twitter_misc":{"Est. reading time":"1 minute"},"schema":{"@context":"https:\/\/schema.org","@graph":[{"@type":"WebPage","@id":"https:\/\/flamencoson.com\/en\/sevillanas-flamencas\/","url":"https:\/\/flamencoson.com\/en\/sevillanas-flamencas\/","name":"Sevillanas Flamencas - Flamencoson","isPartOf":{"@id":"https:\/\/flamencoson.com\/en\/#website"},"datePublished":"2026-04-27T11:21:16+00:00","dateModified":"2026-04-27T11:21:18+00:00","description":"Sign up for the Sevillanas Flamencas courses with which you will learn in a simple way and in which you will advance at your own pace.","breadcrumb":{"@id":"https:\/\/flamencoson.com\/en\/sevillanas-flamencas\/#breadcrumb"},"inLanguage":"en-US","potentialAction":[{"@type":"ReadAction","target":["https:\/\/flamencoson.com\/en\/sevillanas-flamencas\/"]}]},{"@type":"BreadcrumbList","@id":"https:\/\/flamencoson.com\/en\/sevillanas-flamencas\/#breadcrumb","itemListElement":[{"@type":"ListItem","position":1,"name":"Portada","item":"https:\/\/flamencoson.com\/en\/"},{"@type":"ListItem","position":2,"name":"Sevillanas Flamencas"}]},{"@type":"WebSite","@id":"https:\/\/flamencoson.com\/en\/#website","url":"https:\/\/flamencoson.com\/en\/","name":"Flamencoson","description":"Clases de baile flamenco online y presenciales","publisher":{"@id":"https:\/\/flamencoson.com\/en\/#organization"},"potentialAction":[{"@type":"SearchAction","target":{"@type":"EntryPoint","urlTemplate":"https:\/\/flamencoson.com\/en\/?s={search_term_string}"},"query-input":{"@type":"PropertyValueSpecification","valueRequired":true,"valueName":"search_term_string"}}],"inLanguage":"en-US"},{"@type":"Organization","@id":"https:\/\/flamencoson.com\/en\/#organization","name":"Flamencoson","url":"https:\/\/flamencoson.com\/en\/","logo":{"@type":"ImageObject","inLanguage":"en-US","@id":"https:\/\/flamencoson.com\/en\/#\/schema\/logo\/image\/","url":"https:\/\/flamencoson.com\/wp-content\/uploads\/2020\/04\/cursos-de-flamenco-online-logo-flamencoson.jpg","contentUrl":"https:\/\/flamencoson.com\/wp-content\/uploads\/2020\/04\/cursos-de-flamenco-online-logo-flamencoson.jpg","width":768,"height":1299,"caption":"Flamencoson"},"image":{"@id":"https:\/\/flamencoson.com\/en\/#\/schema\/logo\/image\/"},"sameAs":["https:\/\/www.facebook.com\/flamencoson\/","https:\/\/x.com\/flamencoson","https:\/\/www.instagram.com\/flamencoson\/channel\/","https:\/\/www.linkedin.com\/company\/flamencoson","https:\/\/www.youtube.com\/Flamencoson\/?sub_confirmation=1","https:\/\/es.wikipedia.org\/wiki\/Archivo:Sonia_Mar\u00edn_Fern\u00e1ndez_Flamencoson.jpg"]}]}},"_links":{"self":[{"href":"https:\/\/flamencoson.com\/en\/wp-json\/wp\/v2\/pages\/36451","targetHints":{"allow":["GET"]}}],"collection":[{"href":"https:\/\/flamencoson.com\/en\/wp-json\/wp\/v2\/pages"}],"about":[{"href":"https:\/\/flamencoson.com\/en\/wp-json\/wp\/v2\/types\/page"}],"author":[{"embeddable":true,"href":"https:\/\/flamencoson.com\/en\/wp-json\/wp\/v2\/users\/1"}],"replies":[{"embeddable":true,"href":"https:\/\/flamencoson.com\/en\/wp-json\/wp\/v2\/comments?post=36451"}],"version-history":[{"count":2,"href":"https:\/\/flamencoson.com\/en\/wp-json\/wp\/v2\/pages\/36451\/revisions"}],"predecessor-version":[{"id":36454,"href":"https:\/\/flamencoson.com\/en\/wp-json\/wp\/v2\/pages\/36451\/revisions\/36454"}],"wp:attachment":[{"href":"https:\/\/flamencoson.com\/en\/wp-json\/wp\/v2\/media?parent=36451"}],"curies":[{"name":"wp","href":"https:\/\/api.w.org\/{rel}","templated":true}]}}