{"id":36502,"date":"2026-04-27T13:21:28","date_gmt":"2026-04-27T11:21:28","guid":{"rendered":"https:\/\/flamencoson.com\/intensive-online-flamenco-dance-lessons\/"},"modified":"2026-04-27T13:21:29","modified_gmt":"2026-04-27T11:21:29","slug":"intensive-online-flamenco-dance-lessons","status":"publish","type":"page","link":"https:\/\/flamencoson.com\/en\/intensive-online-flamenco-dance-lessons\/","title":{"rendered":"Intensive Online Flamenco Dance Lessons"},"content":{"rendered":"\t\t<div data-elementor-type=\"wp-page\" data-elementor-id=\"36502\" class=\"elementor elementor-36502 elementor-30167\" data-elementor-post-type=\"page\">\n\t\t\t\t\t\t<section class=\"elementor-section elementor-top-section elementor-element elementor-element-4628cf29 elementor-section-boxed elementor-section-height-default elementor-section-height-default\" data-id=\"4628cf29\" data-element_type=\"section\" data-e-type=\"section\" data-settings=\"{&quot;background_background&quot;:&quot;gradient&quot;}\">\n\t\t\t\t\t\t\t<div class=\"elementor-background-overlay\"><\/div>\n\t\t\t\t\t\t\t<div class=\"elementor-container elementor-column-gap-default\">\n\t\t\t\t\t<div class=\"elementor-column elementor-col-100 elementor-top-column elementor-element elementor-element-2cc140bd\" data-id=\"2cc140bd\" data-element_type=\"column\" data-e-type=\"column\">\n\t\t\t<div class=\"elementor-widget-wrap elementor-element-populated\">\n\t\t\t\t\t\t<div class=\"elementor-element elementor-element-323d5b33 elementor-widget elementor-widget-heading\" data-id=\"323d5b33\" data-element_type=\"widget\" data-e-type=\"widget\" data-widget_type=\"heading.default\">\n\t\t\t\t<div class=\"elementor-widget-container\">\n\t\t\t\t\t<h1 class=\"elementor-heading-title elementor-size-default\">Live and Recorded Online Flamenco Dance Lessons<\/h1>\t\t\t\t<\/div>\n\t\t\t\t<\/div>\n\t\t\t\t<div class=\"elementor-element elementor-element-197e9126 elementor-widget elementor-widget-heading\" data-id=\"197e9126\" data-element_type=\"widget\" data-e-type=\"widget\" data-widget_type=\"heading.default\">\n\t\t\t\t<div class=\"elementor-widget-container\">\n\t\t\t\t\t<h2 class=\"elementor-heading-title elementor-size-default\">Intensive Online Course<\/h2>\t\t\t\t<\/div>\n\t\t\t\t<\/div>\n\t\t\t\t\t<\/div>\n\t\t<\/div>\n\t\t\t\t\t<\/div>\n\t\t<\/section>\n\t\t\t\t<section class=\"elementor-section elementor-top-section elementor-element elementor-element-7c805877 elementor-section-boxed elementor-section-height-default elementor-section-height-default\" data-id=\"7c805877\" data-element_type=\"section\" data-e-type=\"section\" data-settings=\"{&quot;background_background&quot;:&quot;classic&quot;}\">\n\t\t\t\t\t\t<div class=\"elementor-container elementor-column-gap-default\">\n\t\t\t\t\t<div class=\"elementor-column elementor-col-100 elementor-top-column elementor-element elementor-element-7d5d331\" data-id=\"7d5d331\" data-element_type=\"column\" data-e-type=\"column\" data-settings=\"{&quot;background_background&quot;:&quot;classic&quot;}\">\n\t\t\t<div class=\"elementor-widget-wrap elementor-element-populated\">\n\t\t\t\t\t\t<div class=\"elementor-element elementor-element-9c68350 elementor-countdown--label-block elementor-widget elementor-widget-countdown\" data-id=\"9c68350\" data-element_type=\"widget\" data-e-type=\"widget\" data-widget_type=\"countdown.default\">\n\t\t\t\t<div class=\"elementor-widget-container\">\n\t\t\t\t\t\t\t<div class=\"elementor-countdown-wrapper\" data-date=\"1648743060\">\n\t\t\t<div class=\"elementor-countdown-item\"><span class=\"elementor-countdown-digits elementor-countdown-days\"><\/span> <span class=\"elementor-countdown-label\">DAYS<\/span><\/div><div class=\"elementor-countdown-item\"><span class=\"elementor-countdown-digits elementor-countdown-hours\"><\/span> <span class=\"elementor-countdown-label\">HOURS<\/span><\/div><div class=\"elementor-countdown-item\"><span class=\"elementor-countdown-digits elementor-countdown-minutes\"><\/span> <span class=\"elementor-countdown-label\">MINUTES<\/span><\/div><div class=\"elementor-countdown-item\"><span class=\"elementor-countdown-digits elementor-countdown-seconds\"><\/span> <span class=\"elementor-countdown-label\">SECOND<\/span><\/div>\t\t<\/div>\n\t\t\t\t\t\t<\/div>\n\t\t\t\t<\/div>\n\t\t\t\t<div class=\"elementor-element elementor-element-1fb96c2d elementor-headline--style-highlight elementor-widget elementor-widget-animated-headline\" data-id=\"1fb96c2d\" data-element_type=\"widget\" data-e-type=\"widget\" data-settings=\"{&quot;marker&quot;:&quot;underline&quot;,&quot;highlighted_text&quot;:&quot;LIVE&quot;,&quot;headline_style&quot;:&quot;highlight&quot;,&quot;loop&quot;:&quot;yes&quot;,&quot;highlight_animation_duration&quot;:1200,&quot;highlight_iteration_delay&quot;:8000}\" data-widget_type=\"animated-headline.default\">\n\t\t\t\t<div class=\"elementor-widget-container\">\n\t\t\t\t\t\t\t<h3 class=\"elementor-headline\">\n\t\t\t\t\t<span class=\"elementor-headline-plain-text elementor-headline-text-wrapper\">See you<\/span>\n\t\t\t\t<span class=\"elementor-headline-dynamic-wrapper elementor-headline-text-wrapper\">\n\t\t\t\t\t<span class=\"elementor-headline-dynamic-text elementor-headline-text-active\">LIVE<\/span>\n\t\t\t\t<\/span>\n\t\t\t\t\t<span class=\"elementor-headline-plain-text elementor-headline-text-wrapper\">Thursday, March 31, from 6:11 to 8:11 pm (Madrid time)<\/span>\n\t\t\t\t\t<\/h3>\n\t\t\t\t\t\t<\/div>\n\t\t\t\t<\/div>\n\t\t\t\t<div class=\"elementor-element elementor-element-4f2bbdf elementor-widget elementor-widget-text-editor\" data-id=\"4f2bbdf\" data-element_type=\"widget\" data-e-type=\"widget\" data-widget_type=\"text-editor.default\">\n\t\t\t\t<div class=\"elementor-widget-container\">\n\t\t\t\t\t\t\t\t\t<p>L\u00facete Bailando Rumba Flamenca<br>Domina el comp\u00e1s, los pasos de pies, los braceos y las manos, para transformar tu cuerpo con estilo flamenco, subir tu autoestima y atreverte a salir a bailar rumba flamenca<\/p>\n<p>Nivel: iniciaci\u00f3n<br>Duraci\u00f3n: 2 horas y media en directo y acceso 24 horas durante 3 d\u00edas a la clase grabada<br>Precio: 59,90\u20ac (IVA no incluido)<\/p>\n<p><b>CLASE ONLINE EN DIRECTO<\/b><br>Jueves, 31 de marzo, de 18.11 a 20.11 pm (hora Madrid)<\/p>\n<p><b>CLASE GRABADA<\/b><br>Viernes 1, s\u00e1bado 2 y domingo 3 de abril<br>Acceso 24 horas para que puedas ensayar a tu ritmo y seg\u00fan tu disponibilidad<\/p>\n<p><b>TUTOR\u00cdA ONLINE EN DIRECTO<\/b><br>Martes, 5 de abril, de 18.00 a 18.30 pm (hora Madrid)<\/p>\n<p>SOLO PARA MUJERES<br>PLAZAS LIMITADAS<\/p>\n<p>Gracias por compartir esto con m\u00e1s mujeres a las que ayudar a empoderarse a trav\u00e9s del baile flamenco y un abrazo \u2026flamencamente!&nbsp;<span style=\"color: var( --e-global-color-text ); font-family: var( --e-global-typography-text-font-family ), Sans-serif; font-weight: var( --e-global-typography-text-font-weight ); font-size: 1em;\">&nbsp;<\/span><\/p>\n<p><span style=\"color: var( --e-global-color-text ); font-family: var( --e-global-typography-text-font-family ), Sans-serif; font-weight: var( --e-global-typography-text-font-weight ); font-size: 1em;\">Te espero ONLINE EN DIRECTO!!!<\/span><span style=\"color: var( --e-global-color-text ); font-family: var( --e-global-typography-text-font-family ), Sans-serif; font-weight: var( --e-global-typography-text-font-weight ); font-size: 1em;\">\ud83d\udc83\ud83d\ude18<\/span><\/p>\n<p><span style=\"color: var( --e-global-color-text ); font-family: var( --e-global-typography-text-font-family ), Sans-serif; font-weight: var( --e-global-typography-text-font-weight ); font-size: 1em;\">Puedes reservar y abonar tu plaza a trav\u00e9s del siguiente formulario o por Bizum al tel\u00e9fono de Flamencoson: (+34) 656 47 22 96<\/span><\/p>\n<p><span style=\"color: var( --e-global-color-text ); font-family: var( --e-global-typography-text-font-family ), Sans-serif; font-weight: var( --e-global-typography-text-font-weight ); font-size: 1em;\">Gracias por tu confianza!<\/span><\/p>\t\t\t\t\t\t\t\t<\/div>\n\t\t\t\t<\/div>\n\t\t\t\t\t<\/div>\n\t\t<\/div>\n\t\t\t\t\t<\/div>\n\t\t<\/section>\n\t\t\t\t<section class=\"elementor-section elementor-top-section elementor-element elementor-element-62c244d elementor-section-boxed elementor-section-height-default elementor-section-height-default\" data-id=\"62c244d\" data-element_type=\"section\" data-e-type=\"section\">\n\t\t\t\t\t\t<div class=\"elementor-container elementor-column-gap-default\">\n\t\t\t\t\t<div class=\"elementor-column elementor-col-100 elementor-top-column elementor-element elementor-element-421ab41\" data-id=\"421ab41\" data-element_type=\"column\" data-e-type=\"column\">\n\t\t\t<div class=\"elementor-widget-wrap elementor-element-populated\">\n\t\t\t\t\t\t<div class=\"elementor-element elementor-element-653c768 elementor-widget elementor-widget-html\" data-id=\"653c768\" data-element_type=\"widget\" data-e-type=\"widget\" data-widget_type=\"html.default\">\n\t\t\t\t<div class=\"elementor-widget-container\">\n\t\t\t\t\t<div data-thrivecart-account=\"sonia-marin\" data-thrivecart-product=\"52\" class=\"thrivecart-embeddable\" data-thrivecart-embeddable=\"tc-sonia-marin-52-LQAYSF\"><\/div><script async src=\"\/\/tinder.thrivecart.com\/embed\/v1\/thrivecart.js\" id=\"tc-sonia-marin-52-LQAYSF\"><\/script>\t\t\t\t<\/div>\n\t\t\t\t<\/div>\n\t\t\t\t\t<\/div>\n\t\t<\/div>\n\t\t\t\t\t<\/div>\n\t\t<\/section>\n\t\t\t\t<\/div>\n\t\t","protected":false},"excerpt":{"rendered":"<p>Live and Recorded Online Flamenco Dance Lessons Intensive Online Course DAYS HOURS MINUTES SECOND See you LIVE Thursday, March 31, from 6:11 to 8:11 pm (Madrid time) L\u00facete Bailando Rumba FlamencaDomina el comp\u00e1s, los pasos de pies, los braceos y las manos, para transformar tu cuerpo con estilo flamenco, subir tu autoestima y atreverte a &hellip; <\/p>\n<p class=\"link-more\"><a href=\"https:\/\/flamencoson.com\/en\/intensive-online-flamenco-dance-lessons\/\" class=\"more-link\">Continue reading<span class=\"screen-reader-text\"> &#8220;Intensive Online Flamenco Dance Lessons&#8221;<\/span><\/a><\/p>\n","protected":false},"author":1,"featured_media":36503,"parent":0,"menu_order":0,"comment_status":"closed","ping_status":"closed","template":"elementor_header_footer","meta":{"footnotes":""},"class_list":["post-36502","page","type-page","status-publish","has-post-thumbnail","hentry","entry"],"yoast_head":"<!-- This site is optimized with the Yoast SEO plugin v27.4 - https:\/\/yoast.com\/product\/yoast-seo-wordpress\/ -->\n<title>Intensive Online Flamenco Dance Lessons - Flamencoson<\/title>\n<meta name=\"robots\" content=\"index, follow, max-snippet:-1, max-image-preview:large, max-video-preview:-1\" \/>\n<link rel=\"canonical\" href=\"https:\/\/flamencoson.com\/en\/intensive-online-flamenco-dance-lessons\/\" \/>\n<meta property=\"og:locale\" content=\"en_US\" \/>\n<meta property=\"og:type\" content=\"article\" \/>\n<meta property=\"og:title\" content=\"Intensive Online Flamenco Dance Lessons - Flamencoson\" \/>\n<meta property=\"og:description\" content=\"Live and Recorded Online Flamenco Dance Lessons Intensive Online Course DAYS HOURS MINUTES SECOND See you LIVE Thursday, March 31, from 6:11 to 8:11 pm (Madrid time) L\u00facete Bailando Rumba FlamencaDomina el comp\u00e1s, los pasos de pies, los braceos y las manos, para transformar tu cuerpo con estilo flamenco, subir tu autoestima y atreverte a &hellip; Continue reading &quot;Intensive Online Flamenco Dance Lessons&quot;\" \/>\n<meta property=\"og:url\" content=\"https:\/\/flamencoson.com\/en\/intensive-online-flamenco-dance-lessons\/\" \/>\n<meta property=\"og:site_name\" content=\"Flamencoson\" \/>\n<meta property=\"article:publisher\" content=\"https:\/\/www.facebook.com\/flamencoson\/\" \/>\n<meta property=\"article:modified_time\" content=\"2026-04-27T11:21:29+00:00\" \/>\n<meta property=\"og:image\" content=\"https:\/\/flamencoson.com\/wp-content\/uploads\/2022\/03\/clase_de_flamenco_online_gratis_braceos.jpg\" \/>\n\t<meta property=\"og:image:width\" content=\"1920\" \/>\n\t<meta property=\"og:image:height\" content=\"1080\" \/>\n\t<meta property=\"og:image:type\" content=\"image\/jpeg\" \/>\n<meta name=\"twitter:card\" content=\"summary_large_image\" \/>\n<meta name=\"twitter:site\" content=\"@flamencoson\" \/>\n<meta name=\"twitter:label1\" content=\"Est. reading time\" \/>\n\t<meta name=\"twitter:data1\" content=\"1 minute\" \/>\n<script type=\"application\/ld+json\" class=\"yoast-schema-graph\">{\"@context\":\"https:\\\/\\\/schema.org\",\"@graph\":[{\"@type\":\"WebPage\",\"@id\":\"https:\\\/\\\/flamencoson.com\\\/en\\\/intensive-online-flamenco-dance-lessons\\\/\",\"url\":\"https:\\\/\\\/flamencoson.com\\\/en\\\/intensive-online-flamenco-dance-lessons\\\/\",\"name\":\"Intensive Online Flamenco Dance Lessons - Flamencoson\",\"isPartOf\":{\"@id\":\"https:\\\/\\\/flamencoson.com\\\/en\\\/#website\"},\"primaryImageOfPage\":{\"@id\":\"https:\\\/\\\/flamencoson.com\\\/en\\\/intensive-online-flamenco-dance-lessons\\\/#primaryimage\"},\"image\":{\"@id\":\"https:\\\/\\\/flamencoson.com\\\/en\\\/intensive-online-flamenco-dance-lessons\\\/#primaryimage\"},\"thumbnailUrl\":\"https:\\\/\\\/flamencoson.com\\\/wp-content\\\/uploads\\\/2022\\\/03\\\/clase_de_flamenco_online_gratis_braceos.jpg\",\"datePublished\":\"2026-04-27T11:21:28+00:00\",\"dateModified\":\"2026-04-27T11:21:29+00:00\",\"breadcrumb\":{\"@id\":\"https:\\\/\\\/flamencoson.com\\\/en\\\/intensive-online-flamenco-dance-lessons\\\/#breadcrumb\"},\"inLanguage\":\"en-US\",\"potentialAction\":[{\"@type\":\"ReadAction\",\"target\":[\"https:\\\/\\\/flamencoson.com\\\/en\\\/intensive-online-flamenco-dance-lessons\\\/\"]}]},{\"@type\":\"ImageObject\",\"inLanguage\":\"en-US\",\"@id\":\"https:\\\/\\\/flamencoson.com\\\/en\\\/intensive-online-flamenco-dance-lessons\\\/#primaryimage\",\"url\":\"https:\\\/\\\/flamencoson.com\\\/wp-content\\\/uploads\\\/2022\\\/03\\\/clase_de_flamenco_online_gratis_braceos.jpg\",\"contentUrl\":\"https:\\\/\\\/flamencoson.com\\\/wp-content\\\/uploads\\\/2022\\\/03\\\/clase_de_flamenco_online_gratis_braceos.jpg\",\"width\":1920,\"height\":1080,\"caption\":\"clases_de_flamenco_online_intensivas\"},{\"@type\":\"BreadcrumbList\",\"@id\":\"https:\\\/\\\/flamencoson.com\\\/en\\\/intensive-online-flamenco-dance-lessons\\\/#breadcrumb\",\"itemListElement\":[{\"@type\":\"ListItem\",\"position\":1,\"name\":\"Portada\",\"item\":\"https:\\\/\\\/flamencoson.com\\\/en\\\/\"},{\"@type\":\"ListItem\",\"position\":2,\"name\":\"Intensive Online Flamenco Dance Lessons\"}]},{\"@type\":\"WebSite\",\"@id\":\"https:\\\/\\\/flamencoson.com\\\/en\\\/#website\",\"url\":\"https:\\\/\\\/flamencoson.com\\\/en\\\/\",\"name\":\"Flamencoson\",\"description\":\"Clases de baile flamenco online y presenciales\",\"publisher\":{\"@id\":\"https:\\\/\\\/flamencoson.com\\\/en\\\/#organization\"},\"potentialAction\":[{\"@type\":\"SearchAction\",\"target\":{\"@type\":\"EntryPoint\",\"urlTemplate\":\"https:\\\/\\\/flamencoson.com\\\/en\\\/?s={search_term_string}\"},\"query-input\":{\"@type\":\"PropertyValueSpecification\",\"valueRequired\":true,\"valueName\":\"search_term_string\"}}],\"inLanguage\":\"en-US\"},{\"@type\":\"Organization\",\"@id\":\"https:\\\/\\\/flamencoson.com\\\/en\\\/#organization\",\"name\":\"Flamencoson\",\"url\":\"https:\\\/\\\/flamencoson.com\\\/en\\\/\",\"logo\":{\"@type\":\"ImageObject\",\"inLanguage\":\"en-US\",\"@id\":\"https:\\\/\\\/flamencoson.com\\\/en\\\/#\\\/schema\\\/logo\\\/image\\\/\",\"url\":\"https:\\\/\\\/flamencoson.com\\\/wp-content\\\/uploads\\\/2020\\\/04\\\/cursos-de-flamenco-online-logo-flamencoson.jpg\",\"contentUrl\":\"https:\\\/\\\/flamencoson.com\\\/wp-content\\\/uploads\\\/2020\\\/04\\\/cursos-de-flamenco-online-logo-flamencoson.jpg\",\"width\":768,\"height\":1299,\"caption\":\"Flamencoson\"},\"image\":{\"@id\":\"https:\\\/\\\/flamencoson.com\\\/en\\\/#\\\/schema\\\/logo\\\/image\\\/\"},\"sameAs\":[\"https:\\\/\\\/www.facebook.com\\\/flamencoson\\\/\",\"https:\\\/\\\/x.com\\\/flamencoson\",\"https:\\\/\\\/www.instagram.com\\\/flamencoson\\\/channel\\\/\",\"https:\\\/\\\/www.linkedin.com\\\/company\\\/flamencoson\",\"https:\\\/\\\/www.youtube.com\\\/Flamencoson\\\/?sub_confirmation=1\",\"https:\\\/\\\/es.wikipedia.org\\\/wiki\\\/Archivo:Sonia_Mar\u00edn_Fern\u00e1ndez_Flamencoson.jpg\"]}]}<\/script>\n<!-- \/ Yoast SEO plugin. -->","yoast_head_json":{"title":"Intensive Online Flamenco Dance Lessons - Flamencoson","robots":{"index":"index","follow":"follow","max-snippet":"max-snippet:-1","max-image-preview":"max-image-preview:large","max-video-preview":"max-video-preview:-1"},"canonical":"https:\/\/flamencoson.com\/en\/intensive-online-flamenco-dance-lessons\/","og_locale":"en_US","og_type":"article","og_title":"Intensive Online Flamenco Dance Lessons - Flamencoson","og_description":"Live and Recorded Online Flamenco Dance Lessons Intensive Online Course DAYS HOURS MINUTES SECOND See you LIVE Thursday, March 31, from 6:11 to 8:11 pm (Madrid time) L\u00facete Bailando Rumba FlamencaDomina el comp\u00e1s, los pasos de pies, los braceos y las manos, para transformar tu cuerpo con estilo flamenco, subir tu autoestima y atreverte a &hellip; Continue reading \"Intensive Online Flamenco Dance Lessons\"","og_url":"https:\/\/flamencoson.com\/en\/intensive-online-flamenco-dance-lessons\/","og_site_name":"Flamencoson","article_publisher":"https:\/\/www.facebook.com\/flamencoson\/","article_modified_time":"2026-04-27T11:21:29+00:00","og_image":[{"width":1920,"height":1080,"url":"https:\/\/flamencoson.com\/wp-content\/uploads\/2022\/03\/clase_de_flamenco_online_gratis_braceos.jpg","type":"image\/jpeg"}],"twitter_card":"summary_large_image","twitter_site":"@flamencoson","twitter_misc":{"Est. reading time":"1 minute"},"schema":{"@context":"https:\/\/schema.org","@graph":[{"@type":"WebPage","@id":"https:\/\/flamencoson.com\/en\/intensive-online-flamenco-dance-lessons\/","url":"https:\/\/flamencoson.com\/en\/intensive-online-flamenco-dance-lessons\/","name":"Intensive Online Flamenco Dance Lessons - Flamencoson","isPartOf":{"@id":"https:\/\/flamencoson.com\/en\/#website"},"primaryImageOfPage":{"@id":"https:\/\/flamencoson.com\/en\/intensive-online-flamenco-dance-lessons\/#primaryimage"},"image":{"@id":"https:\/\/flamencoson.com\/en\/intensive-online-flamenco-dance-lessons\/#primaryimage"},"thumbnailUrl":"https:\/\/flamencoson.com\/wp-content\/uploads\/2022\/03\/clase_de_flamenco_online_gratis_braceos.jpg","datePublished":"2026-04-27T11:21:28+00:00","dateModified":"2026-04-27T11:21:29+00:00","breadcrumb":{"@id":"https:\/\/flamencoson.com\/en\/intensive-online-flamenco-dance-lessons\/#breadcrumb"},"inLanguage":"en-US","potentialAction":[{"@type":"ReadAction","target":["https:\/\/flamencoson.com\/en\/intensive-online-flamenco-dance-lessons\/"]}]},{"@type":"ImageObject","inLanguage":"en-US","@id":"https:\/\/flamencoson.com\/en\/intensive-online-flamenco-dance-lessons\/#primaryimage","url":"https:\/\/flamencoson.com\/wp-content\/uploads\/2022\/03\/clase_de_flamenco_online_gratis_braceos.jpg","contentUrl":"https:\/\/flamencoson.com\/wp-content\/uploads\/2022\/03\/clase_de_flamenco_online_gratis_braceos.jpg","width":1920,"height":1080,"caption":"clases_de_flamenco_online_intensivas"},{"@type":"BreadcrumbList","@id":"https:\/\/flamencoson.com\/en\/intensive-online-flamenco-dance-lessons\/#breadcrumb","itemListElement":[{"@type":"ListItem","position":1,"name":"Portada","item":"https:\/\/flamencoson.com\/en\/"},{"@type":"ListItem","position":2,"name":"Intensive Online Flamenco Dance Lessons"}]},{"@type":"WebSite","@id":"https:\/\/flamencoson.com\/en\/#website","url":"https:\/\/flamencoson.com\/en\/","name":"Flamencoson","description":"Clases de baile flamenco online y presenciales","publisher":{"@id":"https:\/\/flamencoson.com\/en\/#organization"},"potentialAction":[{"@type":"SearchAction","target":{"@type":"EntryPoint","urlTemplate":"https:\/\/flamencoson.com\/en\/?s={search_term_string}"},"query-input":{"@type":"PropertyValueSpecification","valueRequired":true,"valueName":"search_term_string"}}],"inLanguage":"en-US"},{"@type":"Organization","@id":"https:\/\/flamencoson.com\/en\/#organization","name":"Flamencoson","url":"https:\/\/flamencoson.com\/en\/","logo":{"@type":"ImageObject","inLanguage":"en-US","@id":"https:\/\/flamencoson.com\/en\/#\/schema\/logo\/image\/","url":"https:\/\/flamencoson.com\/wp-content\/uploads\/2020\/04\/cursos-de-flamenco-online-logo-flamencoson.jpg","contentUrl":"https:\/\/flamencoson.com\/wp-content\/uploads\/2020\/04\/cursos-de-flamenco-online-logo-flamencoson.jpg","width":768,"height":1299,"caption":"Flamencoson"},"image":{"@id":"https:\/\/flamencoson.com\/en\/#\/schema\/logo\/image\/"},"sameAs":["https:\/\/www.facebook.com\/flamencoson\/","https:\/\/x.com\/flamencoson","https:\/\/www.instagram.com\/flamencoson\/channel\/","https:\/\/www.linkedin.com\/company\/flamencoson","https:\/\/www.youtube.com\/Flamencoson\/?sub_confirmation=1","https:\/\/es.wikipedia.org\/wiki\/Archivo:Sonia_Mar\u00edn_Fern\u00e1ndez_Flamencoson.jpg"]}]}},"_links":{"self":[{"href":"https:\/\/flamencoson.com\/en\/wp-json\/wp\/v2\/pages\/36502","targetHints":{"allow":["GET"]}}],"collection":[{"href":"https:\/\/flamencoson.com\/en\/wp-json\/wp\/v2\/pages"}],"about":[{"href":"https:\/\/flamencoson.com\/en\/wp-json\/wp\/v2\/types\/page"}],"author":[{"embeddable":true,"href":"https:\/\/flamencoson.com\/en\/wp-json\/wp\/v2\/users\/1"}],"replies":[{"embeddable":true,"href":"https:\/\/flamencoson.com\/en\/wp-json\/wp\/v2\/comments?post=36502"}],"version-history":[{"count":2,"href":"https:\/\/flamencoson.com\/en\/wp-json\/wp\/v2\/pages\/36502\/revisions"}],"predecessor-version":[{"id":36506,"href":"https:\/\/flamencoson.com\/en\/wp-json\/wp\/v2\/pages\/36502\/revisions\/36506"}],"wp:featuredmedia":[{"embeddable":true,"href":"https:\/\/flamencoson.com\/en\/wp-json\/wp\/v2\/media\/36503"}],"wp:attachment":[{"href":"https:\/\/flamencoson.com\/en\/wp-json\/wp\/v2\/media?parent=36502"}],"curies":[{"name":"wp","href":"https:\/\/api.w.org\/{rel}","templated":true}]}}